{"id":5944,"date":"2022-04-07T14:49:14","date_gmt":"2022-04-07T11:49:14","guid":{"rendered":"https:\/\/www.erhanreklam.com\/?page_id=5944"},"modified":"2024-05-28T07:36:03","modified_gmt":"2024-05-28T04:36:03","slug":"hakkimizda","status":"publish","type":"page","link":"https:\/\/www.erhanreklam.com\/ar\/hakkimizda\/","title":{"rendered":"\u0646\u0628\u0630\u0629 \u062a\u0639\u0631\u064a\u0641\u064a\u0629 \u0639\u0646\u0627"},"content":{"rendered":"<div id=\"fws_69ef8b5ccacf4\"  data-column-margin=\"default\" data-midnight=\"dark\"  class=\"wpb_row vc_row-fluid vc_row\"  style=\"padding-top: 0px; padding-bottom: 0px; \"><div class=\"row-bg-wrap\" data-bg-animation=\"none\" data-bg-overlay=\"false\"><div class=\"inner-wrap\"><div class=\"row-bg viewport-desktop\"  style=\"\"><\/div><\/div><\/div><div class=\"row_col_wrap_12 col span_12 dark left\">\n\t<div  class=\"vc_col-sm-6 wpb_column column_container vc_column_container col padding-4-percent inherit_tablet inherit_phone\"  data-border-animation=\"true\" data-border-animation-delay=\"\" data-border-width=\"1px\" data-border-style=\"double_offset\" data-border-color=\"#dd3333\" data-padding-pos=\"all\" data-has-bg-color=\"false\" data-bg-color=\"\" data-bg-opacity=\"1\" data-hover-bg=\"#da0e15\" data-hover-bg-opacity=\"1\" data-animation=\"\" data-delay=\"0\" >\n\t\t<div class=\"vc_column-inner\" style=\"border: 1px solid rgba(255,255,255,0); \"><span class=\"border-wrap\" style=\"border-color: #dd3333;\"><span class=\"border-top\"><\/span><span class=\"border-right\"><\/span><span class=\"border-bottom\"><\/span><span class=\"border-left\"><\/span><\/span><div class=\"column-bg-overlay-wrap column-bg-layer\" data-bg-animation=\"none\"><div class=\"column-bg-overlay\"><\/div><\/div>\n\t\t\t<div class=\"wpb_wrapper\">\n\t\t\t\t\n<div class=\"wpb_text_column wpb_content_element\" >\n\t<div class=\"wpb_wrapper\">\n\t\t<p>\u0645\u0646\u0630 \u0639\u0627\u0645 1987\u060c \u0628\u0635\u0641\u062a\u0646\u0627 \u0625\u0631\u0647\u0627\u0646 \u0631\u064a\u0643\u0644\u0627\u0645\u060c \u0643\u0646\u0627 \u0646\u0642\u062f\u0645 \u0644\u0646\u0627\n\u0644\u0644\u0639\u062f\u064a\u062f \u0645\u0646 \u0627\u0644\u0634\u0631\u0643\u0627\u062a \u0627\u0644\u0643\u0628\u0631\u0649 \u0641\u064a \u0645\u062c\u0627\u0644 \u0627\u0644\u0625\u0639\u0644\u0627\u0646\n\u0627\u0644\u0635\u0646\u0627\u0639\u0629. \u0644\u0642\u062f \u0648\u0633\u0639\u0646\u0627 \u0645\u062c\u0627\u0644 \u062e\u062f\u0645\u062a\u0646\u0627 \u0641\u064a \u0639\u0627\u0645 2000\n\u0648\u0628\u062f\u0623\u062a \u062a\u0642\u062f\u0645 \u062e\u062f\u0645\u0627\u062a \u0641\u064a \u0645\u062c\u0627\u0644 \u0627\u0644\u0639\u0646\u0627\u0648\u064a\u0646\n\u0644\u0648\u062d\u0627\u062a \u0627\u0644\u0645\u0639\u0644\u0648\u0645\u0627\u062a. \u0641\u064a \u063a\u0636\u0648\u0646 \u0630\u0644\u0643\u060c \u0623\u0635\u0628\u062d\u0646\u0627 \u0627\u0644\u0642\u0627\u0626\u062f<\/p>\n<p>\u0641\u064a \u0627\u0644\u0639\u0646\u0648\u0627\u0646 \u0644\u0648\u062d\u0627\u062a \u0627\u0644\u0645\u0639\u0644\u0648\u0645\u0627\u062a \u0648\u0642\u0637\u0627\u0639 \u0627\u0644\u062a\u0631\u0642\u064a\u0645\n\u0628\u0641\u0636\u0644 \u0627\u0633\u062a\u062b\u0645\u0627\u0631\u0627\u062a\u0646\u0627 \u0641\u064a \u0627\u0644\u0628\u062d\u062b \u0648\u0627\u0644\u062a\u0637\u0648\u064a\u0631 \u0648\u0627\u0644\u0639\u0645\u0644\u0627\u0621\n\u0646\u0645\u0648\u0630\u062c \u0623\u0639\u0645\u0627\u0644 \u0645\u0648\u062c\u0647 \u0646\u062d\u0648 \u0627\u0644\u0633\u0648\u0642\u060c \u0642\u0627\u0626\u0645 \u0639\u0644\u0649 \u0627\u0644\u062a\u0643\u0646\u0648\u0644\u0648\u062c\u064a\u0627\n\u0648\u0627\u0644\u0627\u0633\u062a\u0631\u0627\u062a\u064a\u062c\u064a\u0627\u062a \u0627\u0644\u062a\u0646\u0627\u0641\u0633\u064a\u0629\n\u0646\u062d\u0646 \u0646\u0639\u0645\u0644 \u0628\u062c\u062f \u0644\u062a\u0632\u0648\u064a\u062f \u0631\u0639\u0627\u062a\u0646\u0627 \u0628\u0627\u0644\u0623\u0641\u0636\u0644<\/p>\n\t<\/div>\n<\/div>\n\n\n\n\n\t\t\t<\/div> \n\t\t<\/div>\n\t<\/div> \n\n\t<div  class=\"vc_col-sm-6 wpb_column column_container vc_column_container col no-extra-padding inherit_tablet inherit_phone\"  data-padding-pos=\"all\" data-has-bg-color=\"false\" data-bg-color=\"\" data-bg-opacity=\"1\" data-animation=\"\" data-delay=\"0\" >\n\t\t<div class=\"vc_column-inner\" >\n\t\t\t<div class=\"wpb_wrapper\">\n\t\t\t\t<div class=\"img-with-aniamtion-wrap\" data-max-width=\"100%\" data-max-width-mobile=\"default\" data-shadow=\"none\" data-animation=\"fade-in\" >\n      <div class=\"inner\">\n        <div class=\"hover-wrap\"> \n          <div class=\"hover-wrap-inner\">\n            <img class=\"img-with-animation skip-lazy\" data-delay=\"0\" height=\"600\" width=\"1200\" data-animation=\"fade-in\" src=\"https:\/\/www.erhanreklam.com\/wp-content\/uploads\/2022\/04\/about-1.jpg\" alt=\"\" srcset=\"https:\/\/www.erhanreklam.com\/wp-content\/uploads\/2022\/04\/about-1.jpg 1200w, https:\/\/www.erhanreklam.com\/wp-content\/uploads\/2022\/04\/about-1-300x150.jpg 300w, https:\/\/www.erhanreklam.com\/wp-content\/uploads\/2022\/04\/about-1-1024x512.jpg 1024w, https:\/\/www.erhanreklam.com\/wp-content\/uploads\/2022\/04\/about-1-768x384.jpg 768w, https:\/\/www.erhanreklam.com\/wp-content\/uploads\/2022\/04\/about-1-1000x500.jpg 1000w, https:\/\/www.erhanreklam.com\/wp-content\/uploads\/2022\/04\/about-1-670x335.jpg 670w\" sizes=\"(max-width: 1200px) 100vw, 1200px\" \/>\n          <\/div>\n        <\/div>\n      <\/div>\n    <\/div>\n\t\t\t<\/div> \n\t\t<\/div>\n\t<\/div> \n<\/div><\/div>\n\t\t<div id=\"fws_69ef8b5ccc847\"  data-column-margin=\"default\" data-midnight=\"dark\"  class=\"wpb_row vc_row-fluid vc_row\"  style=\"padding-top: 0px; padding-bottom: 0px; \"><div class=\"row-bg-wrap\" data-bg-animation=\"none\" data-bg-overlay=\"false\"><div class=\"inner-wrap\"><div class=\"row-bg viewport-desktop\"  style=\"\"><\/div><\/div><\/div><div class=\"row_col_wrap_12 col span_12 dark left\">\n\t<div  class=\"vc_col-sm-6 wpb_column column_container vc_column_container col no-extra-padding inherit_tablet inherit_phone\"  data-padding-pos=\"all\" data-has-bg-color=\"false\" data-bg-color=\"\" data-bg-opacity=\"1\" data-animation=\"\" data-delay=\"0\" >\n\t\t<div class=\"vc_column-inner\" >\n\t\t\t<div class=\"wpb_wrapper\">\n\t\t\t\t<div class=\"img-with-aniamtion-wrap\" data-max-width=\"100%\" data-max-width-mobile=\"default\" data-shadow=\"none\" data-animation=\"fade-in\" >\n      <div class=\"inner\">\n        <div class=\"hover-wrap\"> \n          <div class=\"hover-wrap-inner\">\n            <img class=\"img-with-animation skip-lazy\" data-delay=\"0\" height=\"600\" width=\"1200\" data-animation=\"fade-in\" src=\"https:\/\/www.erhanreklam.com\/wp-content\/uploads\/2022\/04\/about-2.jpg\" alt=\"\" srcset=\"https:\/\/www.erhanreklam.com\/wp-content\/uploads\/2022\/04\/about-2.jpg 1200w, https:\/\/www.erhanreklam.com\/wp-content\/uploads\/2022\/04\/about-2-300x150.jpg 300w, https:\/\/www.erhanreklam.com\/wp-content\/uploads\/2022\/04\/about-2-1024x512.jpg 1024w, https:\/\/www.erhanreklam.com\/wp-content\/uploads\/2022\/04\/about-2-768x384.jpg 768w, https:\/\/www.erhanreklam.com\/wp-content\/uploads\/2022\/04\/about-2-1000x500.jpg 1000w, https:\/\/www.erhanreklam.com\/wp-content\/uploads\/2022\/04\/about-2-670x335.jpg 670w\" sizes=\"(max-width: 1200px) 100vw, 1200px\" \/>\n          <\/div>\n        <\/div>\n      <\/div>\n    <\/div>\n\t\t\t<\/div> \n\t\t<\/div>\n\t<\/div> \n\n\t<div  class=\"vc_col-sm-6 wpb_column column_container vc_column_container col padding-3-percent inherit_tablet inherit_phone\"  data-border-animation=\"true\" data-border-animation-delay=\"\" data-border-width=\"1px\" data-border-style=\"double_offset\" data-border-color=\"#dd3333\" data-padding-pos=\"all\" data-has-bg-color=\"false\" data-bg-color=\"\" data-bg-opacity=\"1\" data-hover-bg=\"#da0e15\" data-hover-bg-opacity=\"1\" data-animation=\"\" data-delay=\"0\" >\n\t\t<div class=\"vc_column-inner\" style=\"border: 1px solid rgba(255,255,255,0); \"><span class=\"border-wrap\" style=\"border-color: #dd3333;\"><span class=\"border-top\"><\/span><span class=\"border-right\"><\/span><span class=\"border-bottom\"><\/span><span class=\"border-left\"><\/span><\/span><div class=\"column-bg-overlay-wrap column-bg-layer\" data-bg-animation=\"none\"><div class=\"column-bg-overlay\"><\/div><\/div>\n\t\t\t<div class=\"wpb_wrapper\">\n\t\t\t\t\n<div class=\"wpb_text_column wpb_content_element\" >\n\t<div class=\"wpb_wrapper\">\n\t\t<p>\u064a\u0645\u0643\u0646\u0646\u0627 \u0627\u0644\u062e\u062f\u0645\u0629 \u0641\u064a \u0646\u0638\u0627\u0645 \u0627\u0644\u0645\u0639\u0644\u0648\u0645\u0627\u062a \u0627\u0644\u062c\u063a\u0631\u0627\u0641\u064a\u0629\n\u0645\u0634\u0627\u0631\u064a\u0639 \u0645\u0639 \u0641\u0631\u064a\u0642\u0646\u0627 \u0627\u0644\u0645\u0643\u0648\u0646 \u0645\u0646 150 \u0634\u062e\u0635\u064b\u0627. \u0646\u062d\u0646 \u0646\u0641\u064a \u0628\u0643\u0644\n\u062d\u0627\u062c\u0629 \u0639\u0645\u0644\u0627\u0626\u0646\u0627 \u0645\u0639 \u0639\u0645\u0644\u0627\u0626\u0646\u0627 \u0627\u0644\u0643\u0628\u0627\u0631 \u0648\u0627\u0644\u0645\u0646\u0638\u0645\u064a\u0646\n\u0627\u0644\u0641\u0631\u064a\u0642 \u0627\u0644\u0645\u0647\u0646\u064a\u060c \u0645\u0639\u0631\u0641\u062a\u0646\u0627 \u0648\u062e\u0628\u0631\u062a\u0646\u0627\u060c\n\u0648\u0646\u062d\u0646 \u0646\u062a\u0627\u0628\u0639 \u0627\u0644\u062a\u0637\u0648\u0631\u0627\u062a \u0627\u0644\u062a\u0643\u0646\u0648\u0644\u0648\u062c\u064a\u0629 \u0639\u0646 \u0643\u062b\u0628\n\u0623\u062b\u0646\u0627\u0621 \u062a\u0644\u0628\u064a\u0629 \u0627\u062d\u062a\u064a\u0627\u062c\u0627\u062a \u0639\u0645\u0644\u0627\u0626\u0646\u0627\u060c \u0646\u062a\u0628\u0646\u0649<\/p>\n<p>\u0646\u0647\u062c \u00ab\u0631\u0636\u0627 \u0627\u0644\u0639\u0645\u0644\u0627\u0621 \u0627\u0644\u0645\u0637\u0644\u0642\u00bb \u0648\u0646\u062d\u0646\n\u0627\u0644\u0627\u0639\u062a\u0631\u0627\u0641 \u0628\u0645\u0647\u0645\u0629 \u062a\u0639\u0637\u064a \u0627\u0644\u0623\u0648\u0644\u0648\u064a\u0629 \u0644\u0644\u0631\u0636\u0627\n\u0623\u0643\u062b\u0631 \u0645\u0646 \u0627\u0644\u062a\u0643\u0644\u0641\u0629. \u0641\u064a \u0625\u0637\u0627\u0631 \u0646\u0638\u0645 \u0627\u0644\u0645\u0639\u0644\u0648\u0645\u0627\u062a \u0627\u0644\u062c\u063a\u0631\u0627\u0641\u064a\u0629\u060c<\/p>\n\t<\/div>\n<\/div>\n\n\n\n\n\t\t\t<\/div> \n\t\t<\/div>\n\t<\/div> \n<\/div><\/div>\n\t\t<div id=\"fws_69ef8b5ccdeea\"  data-column-margin=\"default\" data-midnight=\"dark\"  class=\"wpb_row vc_row-fluid vc_row\"  style=\"padding-top: 0px; padding-bottom: 0px; \"><div class=\"row-bg-wrap\" data-bg-animation=\"none\" data-bg-overlay=\"false\"><div class=\"inner-wrap\"><div class=\"row-bg viewport-desktop\"  style=\"\"><\/div><\/div><\/div><div class=\"row_col_wrap_12 col span_12 dark left\">\n\t<div  class=\"vc_col-sm-6 wpb_column column_container vc_column_container col padding-6-percent inherit_tablet inherit_phone\"  data-border-animation=\"true\" data-border-animation-delay=\"\" data-border-width=\"1px\" data-border-style=\"double_offset\" data-border-color=\"#dd3333\" data-padding-pos=\"all\" data-has-bg-color=\"false\" data-bg-color=\"\" data-bg-opacity=\"1\" data-hover-bg=\"#da0e15\" data-hover-bg-opacity=\"1\" data-animation=\"\" data-delay=\"0\" >\n\t\t<div class=\"vc_column-inner\" style=\"border: 1px solid rgba(255,255,255,0); \"><span class=\"border-wrap\" style=\"border-color: #dd3333;\"><span class=\"border-top\"><\/span><span class=\"border-right\"><\/span><span class=\"border-bottom\"><\/span><span class=\"border-left\"><\/span><\/span><div class=\"column-bg-overlay-wrap column-bg-layer\" data-bg-animation=\"none\"><div class=\"column-bg-overlay\"><\/div><\/div>\n\t\t\t<div class=\"wpb_wrapper\">\n\t\t\t\t\n<div class=\"wpb_text_column wpb_content_element\" >\n\t<div class=\"wpb_wrapper\">\n\t\t<p>\u0646\u0648\u0627\u0635\u0644 \u062a\u0642\u062f\u064a\u0645 \u0627\u0644\u062e\u062f\u0645\u0627\u062a \u0641\u064a \u0645\u064a\u0627\u062f\u064a\u0646 \u0627\u0644\u0645\u0646\u0627\u0637\u0642 \u0627\u0644\u062d\u0636\u0631\u064a\u0629\n\u0646\u0638\u0627\u0645 \u0627\u0644\u0645\u0639\u0644\u0648\u0645\u0627\u062a \u0648\u0646\u0638\u0627\u0645 \u0627\u0644\u0645\u0639\u0644\u0648\u0645\u0627\u062a \u0627\u0644\u0645\u062a\u0639\u0644\u0642\u0629 \u0628\u0627\u0644\u0643\u0648\u0627\u0631\u062b\n\u0646\u0638\u0627\u0645 \u0645\u0639\u0644\u0648\u0645\u0627\u062a \u0627\u0644\u0645\u0642\u0628\u0631\u0629 \u0648\u0643\u0634\u0641 \u0627\u0644\u0628\u064a\u0627\u0646\u0627\u062a\n\u0627\u0644\u062a\u062d\u0644\u064a\u0644 \u0628\u0645\u0628\u062f\u0623 \u062a\u0642\u062f\u064a\u0645 \u0623\u0641\u0636\u0644 \u062c\u0648\u062f\u0629<\/p>\n<p>\u0628\u062a\u0643\u0644\u0641\u0629 \u0645\u062b\u0644\u0649. \u0646\u062d\u0646 \u0641\u062e\u0648\u0631\u0648\u0646 \u0628\u062d\u0635\u0648\u0644\u0646\u0627 \u0639\u0644\u0649\n\u0623\u0643\u0628\u0631 \u0634\u0628\u0643\u0629 \u0625\u0646\u062a\u0627\u062c \u0641\u064a \u0623\u0648\u0631\u0648\u0628\u0627 \u0648\u0627\u0644\u0645\u062d\u064a\u0637 \u0627\u0644\u0647\u0627\u062f\u0626\n\u0627\u0644\u0634\u0631\u0642 \u0627\u0644\u0623\u0648\u0633\u0637 \u0641\u064a \u0647\u0630\u0627 \u0627\u0644\u0642\u0637\u0627\u0639.<\/p>\n\t<\/div>\n<\/div>\n\n\n\n\n\t\t\t<\/div> \n\t\t<\/div>\n\t<\/div> \n\n\t<div  class=\"vc_col-sm-6 wpb_column column_container vc_column_container col no-extra-padding inherit_tablet inherit_phone\"  data-padding-pos=\"all\" data-has-bg-color=\"false\" data-bg-color=\"\" data-bg-opacity=\"1\" data-animation=\"\" data-delay=\"0\" >\n\t\t<div class=\"vc_column-inner\" >\n\t\t\t<div class=\"wpb_wrapper\">\n\t\t\t\t<div class=\"img-with-aniamtion-wrap\" data-max-width=\"100%\" data-max-width-mobile=\"default\" data-shadow=\"none\" data-animation=\"fade-in\" >\n      <div class=\"inner\">\n        <div class=\"hover-wrap\"> \n          <div class=\"hover-wrap-inner\">\n            <img class=\"img-with-animation skip-lazy\" data-delay=\"0\" height=\"600\" width=\"1200\" data-animation=\"fade-in\" src=\"https:\/\/www.erhanreklam.com\/wp-content\/uploads\/2022\/04\/about-3.jpg\" alt=\"\" srcset=\"https:\/\/www.erhanreklam.com\/wp-content\/uploads\/2022\/04\/about-3.jpg 1200w, https:\/\/www.erhanreklam.com\/wp-content\/uploads\/2022\/04\/about-3-300x150.jpg 300w, https:\/\/www.erhanreklam.com\/wp-content\/uploads\/2022\/04\/about-3-1024x512.jpg 1024w, https:\/\/www.erhanreklam.com\/wp-content\/uploads\/2022\/04\/about-3-768x384.jpg 768w, https:\/\/www.erhanreklam.com\/wp-content\/uploads\/2022\/04\/about-3-1000x500.jpg 1000w, https:\/\/www.erhanreklam.com\/wp-content\/uploads\/2022\/04\/about-3-670x335.jpg 670w\" sizes=\"(max-width: 1200px) 100vw, 1200px\" \/>\n          <\/div>\n        <\/div>\n      <\/div>\n    <\/div>\n\t\t\t<\/div> \n\t\t<\/div>\n\t<\/div> \n<\/div><\/div>","protected":false},"excerpt":{"rendered":"1987 y\u0131l\u0131ndan itibaren reklam sekt\u00f6r\u00fcnde bir\u00e7ok b\u00fcy\u00fck firmaya hizmet verirken,2000 y\u0131l\u0131ndan itibaren faaliyet alan\u0131m\u0131z\u0131 geni\u015fleterek Adres Bilgi Levhalar\u0131 alan\u0131nda da \u00fcretime ba\u015flad\u0131k. Bununla birlikte Ar-Ge yat\u0131r\u0131mlar\u0131m\u0131z, m\u00fc\u015fteri ve pazar odakl\u0131...","protected":false},"author":1,"featured_media":0,"parent":0,"menu_order":0,"comment_status":"closed","ping_status":"closed","template":"","meta":{"footnotes":""},"_links":{"self":[{"href":"https:\/\/www.erhanreklam.com\/ar\/wp-json\/wp\/v2\/pages\/5944"}],"collection":[{"href":"https:\/\/www.erhanreklam.com\/ar\/wp-json\/wp\/v2\/pages"}],"about":[{"href":"https:\/\/www.erhanreklam.com\/ar\/wp-json\/wp\/v2\/types\/page"}],"author":[{"embeddable":true,"href":"https:\/\/www.erhanreklam.com\/ar\/wp-json\/wp\/v2\/users\/1"}],"replies":[{"embeddable":true,"href":"https:\/\/www.erhanreklam.com\/ar\/wp-json\/wp\/v2\/comments?post=5944"}],"version-history":[{"count":23,"href":"https:\/\/www.erhanreklam.com\/ar\/wp-json\/wp\/v2\/pages\/5944\/revisions"}],"predecessor-version":[{"id":6587,"href":"https:\/\/www.erhanreklam.com\/ar\/wp-json\/wp\/v2\/pages\/5944\/revisions\/6587"}],"wp:attachment":[{"href":"https:\/\/www.erhanreklam.com\/ar\/wp-json\/wp\/v2\/media?parent=5944"}],"curies":[{"name":"wp","href":"https:\/\/api.w.org\/{rel}","templated":true}]}}