{"id":5982,"date":"2022-04-25T13:05:00","date_gmt":"2022-04-25T10:05:00","guid":{"rendered":"https:\/\/www.erhanreklam.com\/?page_id=5982"},"modified":"2024-05-28T07:35:27","modified_gmt":"2024-05-28T04:35:27","slug":"hizmetlerimiz","status":"publish","type":"page","link":"https:\/\/www.erhanreklam.com\/ar\/hizmetlerimiz\/","title":{"rendered":"\u062e\u062f\u0645\u0627\u062a\u0646\u0627"},"content":{"rendered":"<div id=\"fws_69ef8b5e9226f\"  data-column-margin=\"default\" data-midnight=\"dark\"  class=\"wpb_row vc_row-fluid vc_row\"  style=\"padding-top: 0px; padding-bottom: 0px; \"><div class=\"row-bg-wrap\" data-bg-animation=\"none\" data-bg-overlay=\"false\"><div class=\"inner-wrap\"><div class=\"row-bg viewport-desktop\"  style=\"\"><\/div><\/div><\/div><div class=\"row_col_wrap_12 col span_12 dark left\">\n\t<div  class=\"vc_col-sm-6 wpb_column column_container vc_column_container col no-extra-padding inherit_tablet inherit_phone\"  data-padding-pos=\"all\" data-has-bg-color=\"false\" data-bg-color=\"\" data-bg-opacity=\"1\" data-animation=\"\" data-delay=\"0\" >\n\t\t<div class=\"vc_column-inner\" >\n\t\t\t<div class=\"wpb_wrapper\">\n\t\t\t\t\n<div class=\"wpb_text_column wpb_content_element\" >\n\t<div class=\"wpb_wrapper\">\n\t\t<h2><strong>\u0627\u0644\u062a\u0635\u0645\u064a\u0645<\/strong><\/h2>\n<p>\u062a\u0645\u0627\u0634\u064a\u0627\u064b \u0645\u0639 \u0645\u062a\u0637\u0644\u0628\u0627\u062a \u0648\u062a\u0648\u0642\u0639\u0627\u062a \u0639\u0645\u0644\u0627\u0626\u0646\u0627\u060c \u0646\u0635\u0645\u0645 \u0645\u0634\u0627\u0631\u064a\u0639 \u062a\u0637\u0628\u064a\u0642\u0627\u062a \u0647\u0648\u064a\u0629 \u0627\u0644\u0634\u0631\u0643\u0627\u062a \u0648\u0646\u062c\u0647\u0632\u0647\u0627 \u0644\u0644\u0625\u0646\u062a\u0627\u062c \u0645\u0639 \u0641\u0631\u064a\u0642 \u0627\u0644\u062a\u0635\u0645\u064a\u0645 \u0627\u0644\u0645\u062a\u0645\u0631\u0633 \u0644\u062f\u064a\u0646\u0627.<\/p>\n\t<\/div>\n<\/div>\n\n\n\n\n\t\t\t<\/div> \n\t\t<\/div>\n\t<\/div> \n\n\t<div  class=\"vc_col-sm-6 wpb_column column_container vc_column_container col no-extra-padding inherit_tablet inherit_phone\"  data-padding-pos=\"all\" data-has-bg-color=\"false\" data-bg-color=\"\" data-bg-opacity=\"1\" data-animation=\"\" data-delay=\"0\" >\n\t\t<div class=\"vc_column-inner\" >\n\t\t\t<div class=\"wpb_wrapper\">\n\t\t\t\t<div class=\"img-with-aniamtion-wrap center\" data-max-width=\"100%\" data-max-width-mobile=\"default\" data-shadow=\"none\" data-animation=\"fade-in\" >\n      <div class=\"inner\">\n        <div class=\"hover-wrap\"> \n          <div class=\"hover-wrap-inner\">\n            <img class=\"img-with-animation skip-lazy\" data-delay=\"0\" height=\"600\" width=\"1200\" data-animation=\"fade-in\" src=\"https:\/\/www.erhanreklam.com\/wp-content\/uploads\/2022\/05\/Hizmet6.jpg\" alt=\"\" srcset=\"https:\/\/www.erhanreklam.com\/wp-content\/uploads\/2022\/05\/Hizmet6.jpg 1200w, https:\/\/www.erhanreklam.com\/wp-content\/uploads\/2022\/05\/Hizmet6-300x150.jpg 300w, https:\/\/www.erhanreklam.com\/wp-content\/uploads\/2022\/05\/Hizmet6-1024x512.jpg 1024w, https:\/\/www.erhanreklam.com\/wp-content\/uploads\/2022\/05\/Hizmet6-768x384.jpg 768w, https:\/\/www.erhanreklam.com\/wp-content\/uploads\/2022\/05\/Hizmet6-1000x500.jpg 1000w, https:\/\/www.erhanreklam.com\/wp-content\/uploads\/2022\/05\/Hizmet6-670x335.jpg 670w\" sizes=\"(max-width: 1200px) 100vw, 1200px\" \/>\n          <\/div>\n        <\/div>\n      <\/div>\n    <\/div>\n\t\t\t<\/div> \n\t\t<\/div>\n\t<\/div> \n<\/div><\/div>\n\t\t<div id=\"fws_69ef8b5e934db\"  data-column-margin=\"default\" data-midnight=\"dark\"  class=\"wpb_row vc_row-fluid vc_row\"  style=\"padding-top: 0px; padding-bottom: 0px; \"><div class=\"row-bg-wrap\" data-bg-animation=\"none\" data-bg-overlay=\"false\"><div class=\"inner-wrap\"><div class=\"row-bg viewport-desktop\"  style=\"\"><\/div><\/div><\/div><div class=\"row_col_wrap_12 col span_12 dark left\">\n\t<div  class=\"vc_col-sm-6 wpb_column column_container vc_column_container col no-extra-padding inherit_tablet inherit_phone\"  data-padding-pos=\"all\" data-has-bg-color=\"false\" data-bg-color=\"\" data-bg-opacity=\"1\" data-animation=\"\" data-delay=\"0\" >\n\t\t<div class=\"vc_column-inner\" >\n\t\t\t<div class=\"wpb_wrapper\">\n\t\t\t\t<div class=\"img-with-aniamtion-wrap center\" data-max-width=\"100%\" data-max-width-mobile=\"default\" data-shadow=\"none\" data-animation=\"fade-in\" >\n      <div class=\"inner\">\n        <div class=\"hover-wrap\"> \n          <div class=\"hover-wrap-inner\">\n            <img class=\"img-with-animation skip-lazy\" data-delay=\"0\" height=\"600\" width=\"1200\" data-animation=\"fade-in\" src=\"https:\/\/www.erhanreklam.com\/wp-content\/uploads\/2022\/05\/Hizmet2.jpg\" alt=\"\" srcset=\"https:\/\/www.erhanreklam.com\/wp-content\/uploads\/2022\/05\/Hizmet2.jpg 1200w, https:\/\/www.erhanreklam.com\/wp-content\/uploads\/2022\/05\/Hizmet2-300x150.jpg 300w, https:\/\/www.erhanreklam.com\/wp-content\/uploads\/2022\/05\/Hizmet2-1024x512.jpg 1024w, https:\/\/www.erhanreklam.com\/wp-content\/uploads\/2022\/05\/Hizmet2-768x384.jpg 768w, https:\/\/www.erhanreklam.com\/wp-content\/uploads\/2022\/05\/Hizmet2-1000x500.jpg 1000w, https:\/\/www.erhanreklam.com\/wp-content\/uploads\/2022\/05\/Hizmet2-670x335.jpg 670w\" sizes=\"(max-width: 1200px) 100vw, 1200px\" \/>\n          <\/div>\n        <\/div>\n      <\/div>\n    <\/div>\n\t\t\t<\/div> \n\t\t<\/div>\n\t<\/div> \n\n\t<div  class=\"vc_col-sm-6 wpb_column column_container vc_column_container col no-extra-padding inherit_tablet inherit_phone\"  data-padding-pos=\"all\" data-has-bg-color=\"false\" data-bg-color=\"\" data-bg-opacity=\"1\" data-animation=\"\" data-delay=\"0\" >\n\t\t<div class=\"vc_column-inner\" >\n\t\t\t<div class=\"wpb_wrapper\">\n\t\t\t\t\n<div class=\"wpb_text_column wpb_content_element\" >\n\t<div class=\"wpb_wrapper\">\n\t\t<h2><strong>\u0627\u0644\u0625\u0646\u062a\u0627\u062c<\/strong><\/h2>\n<p>\u0645\u0646 \u062e\u0644\u0627\u0644 \u062a\u0642\u0646\u064a\u062a\u0646\u0627 \u0627\u0644\u0645\u062a\u0637\u0648\u0631\u0629 \u0639\u0644\u0649 \u0623\u062c\u0647\u0632\u062a\u0646\u0627 \u0648\u0645\u0648\u0638\u0641\u064a\u0646\u0627 \u0630\u0648\u064a \u0627\u0644\u062e\u0628\u0631\u0629\u060c \u0646\u0646\u062a\u062c \u0645\u0634\u0627\u0631\u064a\u0639 \u0633\u0631\u064a\u0639\u0629 \u0648\u0645\u0648\u062b\u0648\u0642\u0629 \u0648\u0639\u0627\u0644\u064a\u0629 \u0627\u0644\u062c\u0648\u062f\u0629 \u0644\u0639\u0645\u0644\u0627\u0626\u0646\u0627 \u0648\u0641\u0642\u064b\u0627 \u0644\u0642\u064a\u0645 \u0627\u0644\u0634\u0631\u0643\u0629.<\/p>\n\t<\/div>\n<\/div>\n\n\n\n\n\t\t\t<\/div> \n\t\t<\/div>\n\t<\/div> \n<\/div><\/div>\n\t\t<div id=\"fws_69ef8b5e94113\"  data-column-margin=\"default\" data-midnight=\"dark\"  class=\"wpb_row vc_row-fluid vc_row\"  style=\"padding-top: 0px; padding-bottom: 0px; \"><div class=\"row-bg-wrap\" data-bg-animation=\"none\" data-bg-overlay=\"false\"><div class=\"inner-wrap\"><div class=\"row-bg viewport-desktop\"  style=\"\"><\/div><\/div><\/div><div class=\"row_col_wrap_12 col span_12 dark left\">\n\t<div  class=\"vc_col-sm-6 wpb_column column_container vc_column_container col no-extra-padding inherit_tablet inherit_phone\"  data-padding-pos=\"all\" data-has-bg-color=\"false\" data-bg-color=\"\" data-bg-opacity=\"1\" data-animation=\"\" data-delay=\"0\" >\n\t\t<div class=\"vc_column-inner\" >\n\t\t\t<div class=\"wpb_wrapper\">\n\t\t\t\t\n<div class=\"wpb_text_column wpb_content_element\" >\n\t<div class=\"wpb_wrapper\">\n\t\t<h2><strong>\u0627\u0644\u0627\u0643\u062a\u0634\u0627\u0641 \u0648\u0627\u0644\u0625\u0633\u0642\u0627\u0637<\/strong><\/h2>\n<p>\u064a\u0639\u062a\u0645\u062f \u0646\u062c\u0627\u062d \u0645\u0634\u0627\u0631\u064a\u0639\u0646\u0627 \u0639\u0644\u0649 \u062a\u062d\u0644\u064a\u0644 \u062c\u064a\u062f. \u0645\u0639 \u0641\u0631\u0642\u0646\u0627 \u0630\u0627\u062a \u0627\u0644\u062e\u0628\u0631\u0629\u060c \u0648\u0636\u0639\u0646\u0627 \u062a\u0648\u0642\u064a\u0639\u0646\u0627 \u0639\u0644\u0649 \u0627\u0644\u0645\u0634\u0627\u0631\u064a\u0639 \u0627\u0644\u0646\u0627\u062c\u062d\u0629 \u0645\u0639 \u0627\u0644\u0643\u0634\u0641 \u0641\u064a \u0627\u0644\u0645\u0648\u0642\u0639 \u0641\u064a \u0648\u0642\u062a \u0642\u0635\u064a\u0631..<\/p>\n\t<\/div>\n<\/div>\n\n\n\n\n\t\t\t<\/div> \n\t\t<\/div>\n\t<\/div> \n\n\t<div  class=\"vc_col-sm-6 wpb_column column_container vc_column_container col no-extra-padding inherit_tablet inherit_phone\"  data-padding-pos=\"all\" data-has-bg-color=\"false\" data-bg-color=\"\" data-bg-opacity=\"1\" data-animation=\"\" data-delay=\"0\" >\n\t\t<div class=\"vc_column-inner\" >\n\t\t\t<div class=\"wpb_wrapper\">\n\t\t\t\t<div class=\"img-with-aniamtion-wrap center\" data-max-width=\"100%\" data-max-width-mobile=\"default\" data-shadow=\"none\" data-animation=\"fade-in\" >\n      <div class=\"inner\">\n        <div class=\"hover-wrap\"> \n          <div class=\"hover-wrap-inner\">\n            <img class=\"img-with-animation skip-lazy\" data-delay=\"0\" height=\"600\" width=\"1200\" data-animation=\"fade-in\" src=\"https:\/\/www.erhanreklam.com\/wp-content\/uploads\/2022\/05\/Hizmet3.jpg\" alt=\"\" srcset=\"https:\/\/www.erhanreklam.com\/wp-content\/uploads\/2022\/05\/Hizmet3.jpg 1200w, https:\/\/www.erhanreklam.com\/wp-content\/uploads\/2022\/05\/Hizmet3-300x150.jpg 300w, https:\/\/www.erhanreklam.com\/wp-content\/uploads\/2022\/05\/Hizmet3-1024x512.jpg 1024w, https:\/\/www.erhanreklam.com\/wp-content\/uploads\/2022\/05\/Hizmet3-768x384.jpg 768w, https:\/\/www.erhanreklam.com\/wp-content\/uploads\/2022\/05\/Hizmet3-1000x500.jpg 1000w, https:\/\/www.erhanreklam.com\/wp-content\/uploads\/2022\/05\/Hizmet3-670x335.jpg 670w\" sizes=\"(max-width: 1200px) 100vw, 1200px\" \/>\n          <\/div>\n        <\/div>\n      <\/div>\n    <\/div>\n\t\t\t<\/div> \n\t\t<\/div>\n\t<\/div> \n<\/div><\/div>\n\t\t<div id=\"fws_69ef8b5e94ce1\"  data-column-margin=\"default\" data-midnight=\"dark\"  class=\"wpb_row vc_row-fluid vc_row\"  style=\"padding-top: 0px; padding-bottom: 0px; \"><div class=\"row-bg-wrap\" data-bg-animation=\"none\" data-bg-overlay=\"false\"><div class=\"inner-wrap\"><div class=\"row-bg viewport-desktop\"  style=\"\"><\/div><\/div><\/div><div class=\"row_col_wrap_12 col span_12 dark left\">\n\t<div  class=\"vc_col-sm-6 wpb_column column_container vc_column_container col no-extra-padding inherit_tablet inherit_phone\"  data-padding-pos=\"all\" data-has-bg-color=\"false\" data-bg-color=\"\" data-bg-opacity=\"1\" data-animation=\"\" data-delay=\"0\" >\n\t\t<div class=\"vc_column-inner\" >\n\t\t\t<div class=\"wpb_wrapper\">\n\t\t\t\t<div class=\"img-with-aniamtion-wrap center\" data-max-width=\"100%\" data-max-width-mobile=\"default\" data-shadow=\"none\" data-animation=\"fade-in\" >\n      <div class=\"inner\">\n        <div class=\"hover-wrap\"> \n          <div class=\"hover-wrap-inner\">\n            <img class=\"img-with-animation skip-lazy\" data-delay=\"0\" height=\"600\" width=\"1200\" data-animation=\"fade-in\" src=\"https:\/\/www.erhanreklam.com\/wp-content\/uploads\/2022\/05\/Hizmet5.jpg\" alt=\"\" srcset=\"https:\/\/www.erhanreklam.com\/wp-content\/uploads\/2022\/05\/Hizmet5.jpg 1200w, https:\/\/www.erhanreklam.com\/wp-content\/uploads\/2022\/05\/Hizmet5-300x150.jpg 300w, https:\/\/www.erhanreklam.com\/wp-content\/uploads\/2022\/05\/Hizmet5-1024x512.jpg 1024w, https:\/\/www.erhanreklam.com\/wp-content\/uploads\/2022\/05\/Hizmet5-768x384.jpg 768w, https:\/\/www.erhanreklam.com\/wp-content\/uploads\/2022\/05\/Hizmet5-1000x500.jpg 1000w, https:\/\/www.erhanreklam.com\/wp-content\/uploads\/2022\/05\/Hizmet5-670x335.jpg 670w\" sizes=\"(max-width: 1200px) 100vw, 1200px\" \/>\n          <\/div>\n        <\/div>\n      <\/div>\n    <\/div>\n\t\t\t<\/div> \n\t\t<\/div>\n\t<\/div> \n\n\t<div  class=\"vc_col-sm-6 wpb_column column_container vc_column_container col no-extra-padding inherit_tablet inherit_phone\"  data-padding-pos=\"all\" data-has-bg-color=\"false\" data-bg-color=\"\" data-bg-opacity=\"1\" data-animation=\"\" data-delay=\"0\" >\n\t\t<div class=\"vc_column-inner\" >\n\t\t\t<div class=\"wpb_wrapper\">\n\t\t\t\t\n<div class=\"wpb_text_column wpb_content_element\" >\n\t<div class=\"wpb_wrapper\">\n\t\t<h2><strong>\u0627\u0644\u0634\u062d\u0646 \u0648\u0627\u0644\u062a\u0631\u0643\u064a\u0628<\/strong><\/h2>\n<p>\u0627\u0644\u0645\u0646\u062a\u062c\u0627\u062a \u0627\u0644\u062a\u064a \u062a\u0645 \u0625\u0646\u062a\u0627\u062c\u0647\u0627 \u0648\u0641\u0642\u064b\u0627 \u0644\u0645\u0639\u0627\u064a\u064a\u0631 \u0627\u0644\u0645\u0634\u0631\u0648\u0639 \u062a\u0643\u0648\u0646 \u062c\u0627\u0647\u0632\u0629 \u0644\u0644\u0634\u062d\u0646 \u0628\u0639\u062f \u0645\u0631\u0627\u0642\u0628\u0629 \u0627\u0644\u062c\u0648\u062f\u0629. \u0625\u0646\u0647\u0627 \u0627\u0644\u0646\u0642\u0637\u0629 \u0627\u0644\u062a\u064a \u064a\u0644\u062a\u0642\u064a \u0641\u064a\u0647\u0627 \u062c\u0648\u062f\u0629 \u0627\u0644\u0625\u0646\u062a\u0627\u062c \u0645\u0639 \u062a\u0648\u0642\u0639\u0627\u062a \u0639\u0645\u0644\u0627\u0621\u0646\u0627. \u0646\u062d\u0646 \u0646\u0642\u062f\u0645 \u062e\u062f\u0645\u0627\u062a \u0627\u0644\u062a\u062c\u0645\u064a\u0639 \u0645\u0639 \u0645\u0648\u0638\u0641\u064a\u0646\u0627 \u0630\u0648\u064a \u0627\u0644\u062e\u0628\u0631\u0629 \u0641\u064a \u0625\u0637\u0627\u0631 \u0627\u0644\u0635\u062d\u0629 \u0648\u0627\u0644\u0633\u0644\u0627\u0645\u0629 \u0627\u0644\u0645\u0647\u0646\u064a\u0629.<\/p>\n\t<\/div>\n<\/div>\n\n\n\n\n\t\t\t<\/div> \n\t\t<\/div>\n\t<\/div> \n<\/div><\/div>\n\t\t<div id=\"fws_69ef8b5e95910\"  data-column-margin=\"default\" data-midnight=\"dark\"  class=\"wpb_row vc_row-fluid vc_row\"  style=\"padding-top: 0px; padding-bottom: 0px; \"><div class=\"row-bg-wrap\" data-bg-animation=\"none\" data-bg-overlay=\"false\"><div class=\"inner-wrap\"><div class=\"row-bg viewport-desktop\"  style=\"\"><\/div><\/div><\/div><div class=\"row_col_wrap_12 col span_12 dark left\">\n\t<div  class=\"vc_col-sm-6 wpb_column column_container vc_column_container col no-extra-padding inherit_tablet inherit_phone\"  data-padding-pos=\"all\" data-has-bg-color=\"false\" data-bg-color=\"\" data-bg-opacity=\"1\" data-animation=\"\" data-delay=\"0\" >\n\t\t<div class=\"vc_column-inner\" >\n\t\t\t<div class=\"wpb_wrapper\">\n\t\t\t\t\n<div class=\"wpb_text_column wpb_content_element\" >\n\t<div class=\"wpb_wrapper\">\n\t\t<h2><strong>\u0627\u062f\u0627\u0631\u0629 \u0627\u0644\u0645\u0634\u0627\u0631\u064a\u0639<\/strong><\/h2>\n<p>\u062a\u062a\u0645 \u0625\u062f\u0627\u0631\u0629 \u062c\u0645\u064a\u0639 \u0627\u0644\u0639\u0645\u0644\u064a\u0627\u062a \u0645\u0646 \u0637\u0644\u0628 \u0627\u0644\u0639\u0645\u064a\u0644 \u0625\u0644\u0649 \u0627\u0644\u062a\u0635\u0645\u064a\u0645\u060c \u0648\u0645\u0646 \u0627\u0644\u0642\u064a\u0627\u0633 \u0625\u0644\u0649 \u0631\u0633\u0645 \u0627\u0644\u0645\u0634\u0631\u0648\u0639\u060c \u0648\u0645\u0646 \u0627\u0644\u0625\u0646\u062a\u0627\u062c \u0625\u0644\u0649 \u0627\u0644\u062e\u062f\u0645\u0627\u062a \u0627\u0644\u0644\u0648\u062c\u0633\u062a\u064a\u0629 \u0648\u0646\u0647\u0627\u064a\u0629 \u062e\u062f\u0645\u0629 \u0627\u0644\u062a\u062c\u0645\u064a\u0639 \u0636\u0645\u0646 \u0646\u0637\u0627\u0642 \u062e\u0637\u0629 \u0627\u0644\u0645\u0634\u0631\u0648\u0639 \u0639\u0646 \u0637\u0631\u064a\u0642 \u062f\u0639\u0645 \u062a\u062e\u0637\u064a\u0637 \u0645\u0648\u0627\u0631\u062f \u0627\u0644\u0645\u0624\u0633\u0633\u0627\u062a.<\/p>\n\t<\/div>\n<\/div>\n\n\n\n\n\t\t\t<\/div> \n\t\t<\/div>\n\t<\/div> \n\n\t<div  class=\"vc_col-sm-6 wpb_column column_container vc_column_container col no-extra-padding inherit_tablet inherit_phone\"  data-padding-pos=\"all\" data-has-bg-color=\"false\" data-bg-color=\"\" data-bg-opacity=\"1\" data-animation=\"\" data-delay=\"0\" >\n\t\t<div class=\"vc_column-inner\" >\n\t\t\t<div class=\"wpb_wrapper\">\n\t\t\t\t<div class=\"img-with-aniamtion-wrap center\" data-max-width=\"100%\" data-max-width-mobile=\"default\" data-shadow=\"none\" data-animation=\"fade-in\" >\n      <div class=\"inner\">\n        <div class=\"hover-wrap\"> \n          <div class=\"hover-wrap-inner\">\n            <img class=\"img-with-animation skip-lazy\" data-delay=\"0\" height=\"600\" width=\"1200\" data-animation=\"fade-in\" src=\"https:\/\/www.erhanreklam.com\/wp-content\/uploads\/2022\/05\/Hizmet4.jpg\" alt=\"\" srcset=\"https:\/\/www.erhanreklam.com\/wp-content\/uploads\/2022\/05\/Hizmet4.jpg 1200w, https:\/\/www.erhanreklam.com\/wp-content\/uploads\/2022\/05\/Hizmet4-300x150.jpg 300w, https:\/\/www.erhanreklam.com\/wp-content\/uploads\/2022\/05\/Hizmet4-1024x512.jpg 1024w, https:\/\/www.erhanreklam.com\/wp-content\/uploads\/2022\/05\/Hizmet4-768x384.jpg 768w, https:\/\/www.erhanreklam.com\/wp-content\/uploads\/2022\/05\/Hizmet4-1000x500.jpg 1000w, https:\/\/www.erhanreklam.com\/wp-content\/uploads\/2022\/05\/Hizmet4-670x335.jpg 670w\" sizes=\"(max-width: 1200px) 100vw, 1200px\" \/>\n          <\/div>\n        <\/div>\n      <\/div>\n    <\/div>\n\t\t\t<\/div> \n\t\t<\/div>\n\t<\/div> \n<\/div><\/div>\n\t\t<div id=\"fws_69ef8b5e964f3\"  data-column-margin=\"default\" data-midnight=\"dark\"  class=\"wpb_row vc_row-fluid vc_row\"  style=\"padding-top: 0px; padding-bottom: 0px; \"><div class=\"row-bg-wrap\" data-bg-animation=\"none\" data-bg-overlay=\"false\"><div class=\"inner-wrap\"><div class=\"row-bg viewport-desktop\"  style=\"\"><\/div><\/div><\/div><div class=\"row_col_wrap_12 col span_12 dark left\">\n\t<div  class=\"vc_col-sm-6 wpb_column column_container vc_column_container col no-extra-padding inherit_tablet inherit_phone\"  data-padding-pos=\"all\" data-has-bg-color=\"false\" data-bg-color=\"\" data-bg-opacity=\"1\" data-animation=\"\" data-delay=\"0\" >\n\t\t<div class=\"vc_column-inner\" >\n\t\t\t<div class=\"wpb_wrapper\">\n\t\t\t\t<div class=\"img-with-aniamtion-wrap center\" data-max-width=\"100%\" data-max-width-mobile=\"default\" data-shadow=\"none\" data-animation=\"fade-in\" >\n      <div class=\"inner\">\n        <div class=\"hover-wrap\"> \n          <div class=\"hover-wrap-inner\">\n            <img class=\"img-with-animation skip-lazy\" data-delay=\"0\" height=\"600\" width=\"1200\" data-animation=\"fade-in\" src=\"https:\/\/www.erhanreklam.com\/wp-content\/uploads\/2022\/05\/Hizmet7.jpg\" alt=\"\" srcset=\"https:\/\/www.erhanreklam.com\/wp-content\/uploads\/2022\/05\/Hizmet7.jpg 1200w, https:\/\/www.erhanreklam.com\/wp-content\/uploads\/2022\/05\/Hizmet7-300x150.jpg 300w, https:\/\/www.erhanreklam.com\/wp-content\/uploads\/2022\/05\/Hizmet7-1024x512.jpg 1024w, https:\/\/www.erhanreklam.com\/wp-content\/uploads\/2022\/05\/Hizmet7-768x384.jpg 768w, https:\/\/www.erhanreklam.com\/wp-content\/uploads\/2022\/05\/Hizmet7-1000x500.jpg 1000w, https:\/\/www.erhanreklam.com\/wp-content\/uploads\/2022\/05\/Hizmet7-670x335.jpg 670w\" sizes=\"(max-width: 1200px) 100vw, 1200px\" \/>\n          <\/div>\n        <\/div>\n      <\/div>\n    <\/div>\n\t\t\t<\/div> \n\t\t<\/div>\n\t<\/div> \n\n\t<div  class=\"vc_col-sm-6 wpb_column column_container vc_column_container col no-extra-padding inherit_tablet inherit_phone\"  data-padding-pos=\"all\" data-has-bg-color=\"false\" data-bg-color=\"\" data-bg-opacity=\"1\" data-animation=\"\" data-delay=\"0\" >\n\t\t<div class=\"vc_column-inner\" >\n\t\t\t<div class=\"wpb_wrapper\">\n\t\t\t\t\n<div class=\"wpb_text_column wpb_content_element\" >\n\t<div class=\"wpb_wrapper\">\n\t\t<h2><strong>\u0627\u0644\u062e\u062f\u0645\u0627\u062a \u0648\u0627\u0644\u0635\u064a\u0627\u0646\u0629<\/strong><\/h2>\n<p>\u062a\u0646\u062f\u0631\u062c \u0627\u0644\u062e\u062f\u0645\u0627\u062a \u0627\u0644\u062a\u064a \u0646\u0642\u062f\u0645\u0647\u0627 \u0641\u064a \u0646\u0637\u0627\u0642 \u0627\u0644\u0636\u0645\u0627\u0646\u060c \u0648\u0646\u0624\u0643\u062f \u0623\u0646 \u0639\u0645\u0644\u0627\u0621\u0646\u0627 \u064a\u062d\u0635\u0644\u0648\u0646 \u0639\u0644\u0649 \u0623\u0641\u0636\u0644 \u062f\u0639\u0645 \u0645\u0646 \u0641\u0631\u0642 \u062e\u062f\u0645\u0629 \u0627\u0644\u062e\u0628\u0631\u0627\u0621 \u0648\u0627\u0644\u0635\u064a\u0627\u0646\u0629 \u0644\u062f\u064a\u0646\u0627 \u0628\u0639\u062f \u062a\u0633\u0644\u064a\u0645 \u0627\u0644\u0639\u0645\u0644.<\/p>\n\t<\/div>\n<\/div>\n\n\n\n\n\t\t\t<\/div> \n\t\t<\/div>\n\t<\/div> \n<\/div><\/div>","protected":false},"excerpt":{"rendered":"TASARIM M\u00fc\u015fterilerimizin talep ve beklentileri do\u011frultusunda deneyimli tasar\u0131m ekibimiz ile kurumsal kimlik uygulama projelerini tasarlay\u0131p, \u00fcretime haz\u0131r \u015fekilde haz\u0131rl\u0131yoruz. \u00dcRET\u0130M En son \u00fcretim teknolojisine sahip makine parkurumuz ve deneyimli kadromuz...","protected":false},"author":1,"featured_media":0,"parent":0,"menu_order":0,"comment_status":"closed","ping_status":"closed","template":"","meta":{"footnotes":""},"_links":{"self":[{"href":"https:\/\/www.erhanreklam.com\/ar\/wp-json\/wp\/v2\/pages\/5982"}],"collection":[{"href":"https:\/\/www.erhanreklam.com\/ar\/wp-json\/wp\/v2\/pages"}],"about":[{"href":"https:\/\/www.erhanreklam.com\/ar\/wp-json\/wp\/v2\/types\/page"}],"author":[{"embeddable":true,"href":"https:\/\/www.erhanreklam.com\/ar\/wp-json\/wp\/v2\/users\/1"}],"replies":[{"embeddable":true,"href":"https:\/\/www.erhanreklam.com\/ar\/wp-json\/wp\/v2\/comments?post=5982"}],"version-history":[{"count":10,"href":"https:\/\/www.erhanreklam.com\/ar\/wp-json\/wp\/v2\/pages\/5982\/revisions"}],"predecessor-version":[{"id":6585,"href":"https:\/\/www.erhanreklam.com\/ar\/wp-json\/wp\/v2\/pages\/5982\/revisions\/6585"}],"wp:attachment":[{"href":"https:\/\/www.erhanreklam.com\/ar\/wp-json\/wp\/v2\/media?parent=5982"}],"curies":[{"name":"wp","href":"https:\/\/api.w.org\/{rel}","templated":true}]}}