{"id":5944,"date":"2022-04-07T14:49:14","date_gmt":"2022-04-07T11:49:14","guid":{"rendered":"https:\/\/www.erhanreklam.com\/?page_id=5944"},"modified":"2024-05-28T07:36:03","modified_gmt":"2024-05-28T04:36:03","slug":"hakkimizda","status":"publish","type":"page","link":"https:\/\/www.erhanreklam.com\/en\/hakkimizda\/","title":{"rendered":"About us"},"content":{"rendered":"<div id=\"fws_69ef8b8949c26\"  data-column-margin=\"default\" data-midnight=\"dark\"  class=\"wpb_row vc_row-fluid vc_row\"  style=\"padding-top: 0px; padding-bottom: 0px; \"><div class=\"row-bg-wrap\" data-bg-animation=\"none\" data-bg-overlay=\"false\"><div class=\"inner-wrap\"><div class=\"row-bg viewport-desktop\"  style=\"\"><\/div><\/div><\/div><div class=\"row_col_wrap_12 col span_12 dark left\">\n\t<div  class=\"vc_col-sm-6 wpb_column column_container vc_column_container col padding-4-percent inherit_tablet inherit_phone\"  data-border-animation=\"true\" data-border-animation-delay=\"\" data-border-width=\"1px\" data-border-style=\"double_offset\" data-border-color=\"#dd3333\" data-padding-pos=\"all\" data-has-bg-color=\"false\" data-bg-color=\"\" data-bg-opacity=\"1\" data-hover-bg=\"#da0e15\" data-hover-bg-opacity=\"1\" data-animation=\"\" data-delay=\"0\" >\n\t\t<div class=\"vc_column-inner\" style=\"border: 1px solid rgba(255,255,255,0); \"><span class=\"border-wrap\" style=\"border-color: #dd3333;\"><span class=\"border-top\"><\/span><span class=\"border-right\"><\/span><span class=\"border-bottom\"><\/span><span class=\"border-left\"><\/span><\/span><div class=\"column-bg-overlay-wrap column-bg-layer\" data-bg-animation=\"none\"><div class=\"column-bg-overlay\"><\/div><\/div>\n\t\t\t<div class=\"wpb_wrapper\">\n\t\t\t\t\n<div class=\"wpb_text_column wpb_content_element\" >\n\t<div class=\"wpb_wrapper\">\n\t\t<p>Since 1987, as Erhan Reklam, we have been offering our services to many major companies in the advertising industry. We have expanded our field of service in 2000 and started to offer services in the field of Address Information Plates.<\/p>\n<p>Meanwhile, we became the leader in Address Information Plates and Numbering sector thanks to our R&amp;D investments, customer and market-oriented business model, technology-based production, and competitive strategies.<\/p>\n\t<\/div>\n<\/div>\n\n\n\n\n\t\t\t<\/div> \n\t\t<\/div>\n\t<\/div> \n\n\t<div  class=\"vc_col-sm-6 wpb_column column_container vc_column_container col no-extra-padding inherit_tablet inherit_phone\"  data-padding-pos=\"all\" data-has-bg-color=\"false\" data-bg-color=\"\" data-bg-opacity=\"1\" data-animation=\"\" data-delay=\"0\" >\n\t\t<div class=\"vc_column-inner\" >\n\t\t\t<div class=\"wpb_wrapper\">\n\t\t\t\t<div class=\"img-with-aniamtion-wrap\" data-max-width=\"100%\" data-max-width-mobile=\"default\" data-shadow=\"none\" data-animation=\"fade-in\" >\n      <div class=\"inner\">\n        <div class=\"hover-wrap\"> \n          <div class=\"hover-wrap-inner\">\n            <img class=\"img-with-animation skip-lazy\" data-delay=\"0\" height=\"600\" width=\"1200\" data-animation=\"fade-in\" src=\"https:\/\/www.erhanreklam.com\/wp-content\/uploads\/2022\/04\/about-1.jpg\" alt=\"\" srcset=\"https:\/\/www.erhanreklam.com\/wp-content\/uploads\/2022\/04\/about-1.jpg 1200w, https:\/\/www.erhanreklam.com\/wp-content\/uploads\/2022\/04\/about-1-300x150.jpg 300w, https:\/\/www.erhanreklam.com\/wp-content\/uploads\/2022\/04\/about-1-1024x512.jpg 1024w, https:\/\/www.erhanreklam.com\/wp-content\/uploads\/2022\/04\/about-1-768x384.jpg 768w, https:\/\/www.erhanreklam.com\/wp-content\/uploads\/2022\/04\/about-1-1000x500.jpg 1000w, https:\/\/www.erhanreklam.com\/wp-content\/uploads\/2022\/04\/about-1-670x335.jpg 670w\" sizes=\"(max-width: 1200px) 100vw, 1200px\" \/>\n          <\/div>\n        <\/div>\n      <\/div>\n    <\/div>\n\t\t\t<\/div> \n\t\t<\/div>\n\t<\/div> \n<\/div><\/div>\n\t\t<div id=\"fws_69ef8b894b571\"  data-column-margin=\"default\" data-midnight=\"dark\"  class=\"wpb_row vc_row-fluid vc_row\"  style=\"padding-top: 0px; padding-bottom: 0px; \"><div class=\"row-bg-wrap\" data-bg-animation=\"none\" data-bg-overlay=\"false\"><div class=\"inner-wrap\"><div class=\"row-bg viewport-desktop\"  style=\"\"><\/div><\/div><\/div><div class=\"row_col_wrap_12 col span_12 dark left\">\n\t<div  class=\"vc_col-sm-6 wpb_column column_container vc_column_container col no-extra-padding inherit_tablet inherit_phone\"  data-padding-pos=\"all\" data-has-bg-color=\"false\" data-bg-color=\"\" data-bg-opacity=\"1\" data-animation=\"\" data-delay=\"0\" >\n\t\t<div class=\"vc_column-inner\" >\n\t\t\t<div class=\"wpb_wrapper\">\n\t\t\t\t<div class=\"img-with-aniamtion-wrap\" data-max-width=\"100%\" data-max-width-mobile=\"default\" data-shadow=\"none\" data-animation=\"fade-in\" >\n      <div class=\"inner\">\n        <div class=\"hover-wrap\"> \n          <div class=\"hover-wrap-inner\">\n            <img class=\"img-with-animation skip-lazy\" data-delay=\"0\" height=\"600\" width=\"1200\" data-animation=\"fade-in\" src=\"https:\/\/www.erhanreklam.com\/wp-content\/uploads\/2022\/04\/about-2.jpg\" alt=\"\" srcset=\"https:\/\/www.erhanreklam.com\/wp-content\/uploads\/2022\/04\/about-2.jpg 1200w, https:\/\/www.erhanreklam.com\/wp-content\/uploads\/2022\/04\/about-2-300x150.jpg 300w, https:\/\/www.erhanreklam.com\/wp-content\/uploads\/2022\/04\/about-2-1024x512.jpg 1024w, https:\/\/www.erhanreklam.com\/wp-content\/uploads\/2022\/04\/about-2-768x384.jpg 768w, https:\/\/www.erhanreklam.com\/wp-content\/uploads\/2022\/04\/about-2-1000x500.jpg 1000w, https:\/\/www.erhanreklam.com\/wp-content\/uploads\/2022\/04\/about-2-670x335.jpg 670w\" sizes=\"(max-width: 1200px) 100vw, 1200px\" \/>\n          <\/div>\n        <\/div>\n      <\/div>\n    <\/div>\n\t\t\t<\/div> \n\t\t<\/div>\n\t<\/div> \n\n\t<div  class=\"vc_col-sm-6 wpb_column column_container vc_column_container col padding-3-percent inherit_tablet inherit_phone\"  data-border-animation=\"true\" data-border-animation-delay=\"\" data-border-width=\"1px\" data-border-style=\"double_offset\" data-border-color=\"#dd3333\" data-padding-pos=\"all\" data-has-bg-color=\"false\" data-bg-color=\"\" data-bg-opacity=\"1\" data-hover-bg=\"#da0e15\" data-hover-bg-opacity=\"1\" data-animation=\"\" data-delay=\"0\" >\n\t\t<div class=\"vc_column-inner\" style=\"border: 1px solid rgba(255,255,255,0); \"><span class=\"border-wrap\" style=\"border-color: #dd3333;\"><span class=\"border-top\"><\/span><span class=\"border-right\"><\/span><span class=\"border-bottom\"><\/span><span class=\"border-left\"><\/span><\/span><div class=\"column-bg-overlay-wrap column-bg-layer\" data-bg-animation=\"none\"><div class=\"column-bg-overlay\"><\/div><\/div>\n\t\t\t<div class=\"wpb_wrapper\">\n\t\t\t\t\n<div class=\"wpb_text_column wpb_content_element\" >\n\t<div class=\"wpb_wrapper\">\n\t\t<p>We work diligently to provide our patrons with the best service we can in Geographical Information System projects with our team of 150 people. We fulfil every need of our clients with our large, organized and professional team, our knowledge and experience, as we follow the technological developments closely.<\/p>\n<p>While fulfilling our clients\u2019 needs, we adopt an \u201cAbsolute Customer Satisfaction\u201d approach and we acknowledge a mission that prioritizes satisfaction over cost.<\/p>\n\t<\/div>\n<\/div>\n\n\n\n\n\t\t\t<\/div> \n\t\t<\/div>\n\t<\/div> \n<\/div><\/div>\n\t\t<div id=\"fws_69ef8b894c68e\"  data-column-margin=\"default\" data-midnight=\"dark\"  class=\"wpb_row vc_row-fluid vc_row\"  style=\"padding-top: 0px; padding-bottom: 0px; \"><div class=\"row-bg-wrap\" data-bg-animation=\"none\" data-bg-overlay=\"false\"><div class=\"inner-wrap\"><div class=\"row-bg viewport-desktop\"  style=\"\"><\/div><\/div><\/div><div class=\"row_col_wrap_12 col span_12 dark left\">\n\t<div  class=\"vc_col-sm-6 wpb_column column_container vc_column_container col padding-6-percent inherit_tablet inherit_phone\"  data-border-animation=\"true\" data-border-animation-delay=\"\" data-border-width=\"1px\" data-border-style=\"double_offset\" data-border-color=\"#dd3333\" data-padding-pos=\"all\" data-has-bg-color=\"false\" data-bg-color=\"\" data-bg-opacity=\"1\" data-hover-bg=\"#da0e15\" data-hover-bg-opacity=\"1\" data-animation=\"\" data-delay=\"0\" >\n\t\t<div class=\"vc_column-inner\" style=\"border: 1px solid rgba(255,255,255,0); \"><span class=\"border-wrap\" style=\"border-color: #dd3333;\"><span class=\"border-top\"><\/span><span class=\"border-right\"><\/span><span class=\"border-bottom\"><\/span><span class=\"border-left\"><\/span><\/span><div class=\"column-bg-overlay-wrap column-bg-layer\" data-bg-animation=\"none\"><div class=\"column-bg-overlay\"><\/div><\/div>\n\t\t\t<div class=\"wpb_wrapper\">\n\t\t\t\t\n<div class=\"wpb_text_column wpb_content_element\" >\n\t<div class=\"wpb_wrapper\">\n\t\t<p>Under Geographical Information Systems, we continue to offer services in the fields of Urban Information System, Disaster Information System, Cemetery Information System and Data Detection Analysis with the principle of offering the best quality service with an optimal cost.<\/p>\n<p>We are proud to have the largest production network in Europe and the Middle East in this sector.<\/p>\n\t<\/div>\n<\/div>\n\n\n\n\n\t\t\t<\/div> \n\t\t<\/div>\n\t<\/div> \n\n\t<div  class=\"vc_col-sm-6 wpb_column column_container vc_column_container col no-extra-padding inherit_tablet inherit_phone\"  data-padding-pos=\"all\" data-has-bg-color=\"false\" data-bg-color=\"\" data-bg-opacity=\"1\" data-animation=\"\" data-delay=\"0\" >\n\t\t<div class=\"vc_column-inner\" >\n\t\t\t<div class=\"wpb_wrapper\">\n\t\t\t\t<div class=\"img-with-aniamtion-wrap\" data-max-width=\"100%\" data-max-width-mobile=\"default\" data-shadow=\"none\" data-animation=\"fade-in\" >\n      <div class=\"inner\">\n        <div class=\"hover-wrap\"> \n          <div class=\"hover-wrap-inner\">\n            <img class=\"img-with-animation skip-lazy\" data-delay=\"0\" height=\"600\" width=\"1200\" data-animation=\"fade-in\" src=\"https:\/\/www.erhanreklam.com\/wp-content\/uploads\/2022\/04\/about-3.jpg\" alt=\"\" srcset=\"https:\/\/www.erhanreklam.com\/wp-content\/uploads\/2022\/04\/about-3.jpg 1200w, https:\/\/www.erhanreklam.com\/wp-content\/uploads\/2022\/04\/about-3-300x150.jpg 300w, https:\/\/www.erhanreklam.com\/wp-content\/uploads\/2022\/04\/about-3-1024x512.jpg 1024w, https:\/\/www.erhanreklam.com\/wp-content\/uploads\/2022\/04\/about-3-768x384.jpg 768w, https:\/\/www.erhanreklam.com\/wp-content\/uploads\/2022\/04\/about-3-1000x500.jpg 1000w, https:\/\/www.erhanreklam.com\/wp-content\/uploads\/2022\/04\/about-3-670x335.jpg 670w\" sizes=\"(max-width: 1200px) 100vw, 1200px\" \/>\n          <\/div>\n        <\/div>\n      <\/div>\n    <\/div>\n\t\t\t<\/div> \n\t\t<\/div>\n\t<\/div> \n<\/div><\/div>","protected":false},"excerpt":{"rendered":"1987 y\u0131l\u0131ndan itibaren reklam sekt\u00f6r\u00fcnde bir\u00e7ok b\u00fcy\u00fck firmaya hizmet verirken,2000 y\u0131l\u0131ndan itibaren faaliyet alan\u0131m\u0131z\u0131 geni\u015fleterek Adres Bilgi Levhalar\u0131 alan\u0131nda da \u00fcretime ba\u015flad\u0131k. Bununla birlikte Ar-Ge yat\u0131r\u0131mlar\u0131m\u0131z, m\u00fc\u015fteri ve pazar odakl\u0131...","protected":false},"author":1,"featured_media":0,"parent":0,"menu_order":0,"comment_status":"closed","ping_status":"closed","template":"","meta":{"footnotes":""},"_links":{"self":[{"href":"https:\/\/www.erhanreklam.com\/en\/wp-json\/wp\/v2\/pages\/5944"}],"collection":[{"href":"https:\/\/www.erhanreklam.com\/en\/wp-json\/wp\/v2\/pages"}],"about":[{"href":"https:\/\/www.erhanreklam.com\/en\/wp-json\/wp\/v2\/types\/page"}],"author":[{"embeddable":true,"href":"https:\/\/www.erhanreklam.com\/en\/wp-json\/wp\/v2\/users\/1"}],"replies":[{"embeddable":true,"href":"https:\/\/www.erhanreklam.com\/en\/wp-json\/wp\/v2\/comments?post=5944"}],"version-history":[{"count":23,"href":"https:\/\/www.erhanreklam.com\/en\/wp-json\/wp\/v2\/pages\/5944\/revisions"}],"predecessor-version":[{"id":6587,"href":"https:\/\/www.erhanreklam.com\/en\/wp-json\/wp\/v2\/pages\/5944\/revisions\/6587"}],"wp:attachment":[{"href":"https:\/\/www.erhanreklam.com\/en\/wp-json\/wp\/v2\/media?parent=5944"}],"curies":[{"name":"wp","href":"https:\/\/api.w.org\/{rel}","templated":true}]}}