{"id":5982,"date":"2022-04-25T13:05:00","date_gmt":"2022-04-25T10:05:00","guid":{"rendered":"https:\/\/www.erhanreklam.com\/?page_id=5982"},"modified":"2024-05-28T07:35:27","modified_gmt":"2024-05-28T04:35:27","slug":"hizmetlerimiz","status":"publish","type":"page","link":"https:\/\/www.erhanreklam.com\/en\/hizmetlerimiz\/","title":{"rendered":"Our services"},"content":{"rendered":"<div id=\"fws_69ef8b80b3508\"  data-column-margin=\"default\" data-midnight=\"dark\"  class=\"wpb_row vc_row-fluid vc_row\"  style=\"padding-top: 0px; padding-bottom: 0px; \"><div class=\"row-bg-wrap\" data-bg-animation=\"none\" data-bg-overlay=\"false\"><div class=\"inner-wrap\"><div class=\"row-bg viewport-desktop\"  style=\"\"><\/div><\/div><\/div><div class=\"row_col_wrap_12 col span_12 dark left\">\n\t<div  class=\"vc_col-sm-6 wpb_column column_container vc_column_container col no-extra-padding inherit_tablet inherit_phone\"  data-padding-pos=\"all\" data-has-bg-color=\"false\" data-bg-color=\"\" data-bg-opacity=\"1\" data-animation=\"\" data-delay=\"0\" >\n\t\t<div class=\"vc_column-inner\" >\n\t\t\t<div class=\"wpb_wrapper\">\n\t\t\t\t\n<div class=\"wpb_text_column wpb_content_element\" >\n\t<div class=\"wpb_wrapper\">\n\t\t<h2><strong>DESIGN<\/strong><\/h2>\n<p>In line with the demands and expectations of our customers, we design corporate identity application projects and get them ready for production with our experienced design team.<\/p>\n\t<\/div>\n<\/div>\n\n\n\n\n\t\t\t<\/div> \n\t\t<\/div>\n\t<\/div> \n\n\t<div  class=\"vc_col-sm-6 wpb_column column_container vc_column_container col no-extra-padding inherit_tablet inherit_phone\"  data-padding-pos=\"all\" data-has-bg-color=\"false\" data-bg-color=\"\" data-bg-opacity=\"1\" data-animation=\"\" data-delay=\"0\" >\n\t\t<div class=\"vc_column-inner\" >\n\t\t\t<div class=\"wpb_wrapper\">\n\t\t\t\t<div class=\"img-with-aniamtion-wrap center\" data-max-width=\"100%\" data-max-width-mobile=\"default\" data-shadow=\"none\" data-animation=\"fade-in\" >\n      <div class=\"inner\">\n        <div class=\"hover-wrap\"> \n          <div class=\"hover-wrap-inner\">\n            <img class=\"img-with-animation skip-lazy\" data-delay=\"0\" height=\"600\" width=\"1200\" data-animation=\"fade-in\" src=\"https:\/\/www.erhanreklam.com\/wp-content\/uploads\/2022\/05\/Hizmet6.jpg\" alt=\"\" srcset=\"https:\/\/www.erhanreklam.com\/wp-content\/uploads\/2022\/05\/Hizmet6.jpg 1200w, https:\/\/www.erhanreklam.com\/wp-content\/uploads\/2022\/05\/Hizmet6-300x150.jpg 300w, https:\/\/www.erhanreklam.com\/wp-content\/uploads\/2022\/05\/Hizmet6-1024x512.jpg 1024w, https:\/\/www.erhanreklam.com\/wp-content\/uploads\/2022\/05\/Hizmet6-768x384.jpg 768w, https:\/\/www.erhanreklam.com\/wp-content\/uploads\/2022\/05\/Hizmet6-1000x500.jpg 1000w, https:\/\/www.erhanreklam.com\/wp-content\/uploads\/2022\/05\/Hizmet6-670x335.jpg 670w\" sizes=\"(max-width: 1200px) 100vw, 1200px\" \/>\n          <\/div>\n        <\/div>\n      <\/div>\n    <\/div>\n\t\t\t<\/div> \n\t\t<\/div>\n\t<\/div> \n<\/div><\/div>\n\t\t<div id=\"fws_69ef8b80b4acc\"  data-column-margin=\"default\" data-midnight=\"dark\"  class=\"wpb_row vc_row-fluid vc_row\"  style=\"padding-top: 0px; padding-bottom: 0px; \"><div class=\"row-bg-wrap\" data-bg-animation=\"none\" data-bg-overlay=\"false\"><div class=\"inner-wrap\"><div class=\"row-bg viewport-desktop\"  style=\"\"><\/div><\/div><\/div><div class=\"row_col_wrap_12 col span_12 dark left\">\n\t<div  class=\"vc_col-sm-6 wpb_column column_container vc_column_container col no-extra-padding inherit_tablet inherit_phone\"  data-padding-pos=\"all\" data-has-bg-color=\"false\" data-bg-color=\"\" data-bg-opacity=\"1\" data-animation=\"\" data-delay=\"0\" >\n\t\t<div class=\"vc_column-inner\" >\n\t\t\t<div class=\"wpb_wrapper\">\n\t\t\t\t<div class=\"img-with-aniamtion-wrap center\" data-max-width=\"100%\" data-max-width-mobile=\"default\" data-shadow=\"none\" data-animation=\"fade-in\" >\n      <div class=\"inner\">\n        <div class=\"hover-wrap\"> \n          <div class=\"hover-wrap-inner\">\n            <img class=\"img-with-animation skip-lazy\" data-delay=\"0\" height=\"600\" width=\"1200\" data-animation=\"fade-in\" src=\"https:\/\/www.erhanreklam.com\/wp-content\/uploads\/2022\/05\/Hizmet2.jpg\" alt=\"\" srcset=\"https:\/\/www.erhanreklam.com\/wp-content\/uploads\/2022\/05\/Hizmet2.jpg 1200w, https:\/\/www.erhanreklam.com\/wp-content\/uploads\/2022\/05\/Hizmet2-300x150.jpg 300w, https:\/\/www.erhanreklam.com\/wp-content\/uploads\/2022\/05\/Hizmet2-1024x512.jpg 1024w, https:\/\/www.erhanreklam.com\/wp-content\/uploads\/2022\/05\/Hizmet2-768x384.jpg 768w, https:\/\/www.erhanreklam.com\/wp-content\/uploads\/2022\/05\/Hizmet2-1000x500.jpg 1000w, https:\/\/www.erhanreklam.com\/wp-content\/uploads\/2022\/05\/Hizmet2-670x335.jpg 670w\" sizes=\"(max-width: 1200px) 100vw, 1200px\" \/>\n          <\/div>\n        <\/div>\n      <\/div>\n    <\/div>\n\t\t\t<\/div> \n\t\t<\/div>\n\t<\/div> \n\n\t<div  class=\"vc_col-sm-6 wpb_column column_container vc_column_container col no-extra-padding inherit_tablet inherit_phone\"  data-padding-pos=\"all\" data-has-bg-color=\"false\" data-bg-color=\"\" data-bg-opacity=\"1\" data-animation=\"\" data-delay=\"0\" >\n\t\t<div class=\"vc_column-inner\" >\n\t\t\t<div class=\"wpb_wrapper\">\n\t\t\t\t\n<div class=\"wpb_text_column wpb_content_element\" >\n\t<div class=\"wpb_wrapper\">\n\t\t<h2><strong>PRODUCTION<\/strong><\/h2>\n<p>With our cutting-edge technology on our machinery and  our experienced staff, we produce fast, reliable and high quality projects in accordance with the corporate values of our customers.<\/p>\n\t<\/div>\n<\/div>\n\n\n\n\n\t\t\t<\/div> \n\t\t<\/div>\n\t<\/div> \n<\/div><\/div>\n\t\t<div id=\"fws_69ef8b80b6211\"  data-column-margin=\"default\" data-midnight=\"dark\"  class=\"wpb_row vc_row-fluid vc_row\"  style=\"padding-top: 0px; padding-bottom: 0px; \"><div class=\"row-bg-wrap\" data-bg-animation=\"none\" data-bg-overlay=\"false\"><div class=\"inner-wrap\"><div class=\"row-bg viewport-desktop\"  style=\"\"><\/div><\/div><\/div><div class=\"row_col_wrap_12 col span_12 dark left\">\n\t<div  class=\"vc_col-sm-6 wpb_column column_container vc_column_container col no-extra-padding inherit_tablet inherit_phone\"  data-padding-pos=\"all\" data-has-bg-color=\"false\" data-bg-color=\"\" data-bg-opacity=\"1\" data-animation=\"\" data-delay=\"0\" >\n\t\t<div class=\"vc_column-inner\" >\n\t\t\t<div class=\"wpb_wrapper\">\n\t\t\t\t\n<div class=\"wpb_text_column wpb_content_element\" >\n\t<div class=\"wpb_wrapper\">\n\t\t<h2><strong>DISCOVERY AND PROJECTING<\/strong><\/h2>\n<p>The success of our projects depends on a well-done analysis. With our experienced teams, we put our signature to successful projects with on-site detection in a short time.<\/p>\n\t<\/div>\n<\/div>\n\n\n\n\n\t\t\t<\/div> \n\t\t<\/div>\n\t<\/div> \n\n\t<div  class=\"vc_col-sm-6 wpb_column column_container vc_column_container col no-extra-padding inherit_tablet inherit_phone\"  data-padding-pos=\"all\" data-has-bg-color=\"false\" data-bg-color=\"\" data-bg-opacity=\"1\" data-animation=\"\" data-delay=\"0\" >\n\t\t<div class=\"vc_column-inner\" >\n\t\t\t<div class=\"wpb_wrapper\">\n\t\t\t\t<div class=\"img-with-aniamtion-wrap center\" data-max-width=\"100%\" data-max-width-mobile=\"default\" data-shadow=\"none\" data-animation=\"fade-in\" >\n      <div class=\"inner\">\n        <div class=\"hover-wrap\"> \n          <div class=\"hover-wrap-inner\">\n            <img class=\"img-with-animation skip-lazy\" data-delay=\"0\" height=\"600\" width=\"1200\" data-animation=\"fade-in\" src=\"https:\/\/www.erhanreklam.com\/wp-content\/uploads\/2022\/05\/Hizmet3.jpg\" alt=\"\" srcset=\"https:\/\/www.erhanreklam.com\/wp-content\/uploads\/2022\/05\/Hizmet3.jpg 1200w, https:\/\/www.erhanreklam.com\/wp-content\/uploads\/2022\/05\/Hizmet3-300x150.jpg 300w, https:\/\/www.erhanreklam.com\/wp-content\/uploads\/2022\/05\/Hizmet3-1024x512.jpg 1024w, https:\/\/www.erhanreklam.com\/wp-content\/uploads\/2022\/05\/Hizmet3-768x384.jpg 768w, https:\/\/www.erhanreklam.com\/wp-content\/uploads\/2022\/05\/Hizmet3-1000x500.jpg 1000w, https:\/\/www.erhanreklam.com\/wp-content\/uploads\/2022\/05\/Hizmet3-670x335.jpg 670w\" sizes=\"(max-width: 1200px) 100vw, 1200px\" \/>\n          <\/div>\n        <\/div>\n      <\/div>\n    <\/div>\n\t\t\t<\/div> \n\t\t<\/div>\n\t<\/div> \n<\/div><\/div>\n\t\t<div id=\"fws_69ef8b80b7347\"  data-column-margin=\"default\" data-midnight=\"dark\"  class=\"wpb_row vc_row-fluid vc_row\"  style=\"padding-top: 0px; padding-bottom: 0px; \"><div class=\"row-bg-wrap\" data-bg-animation=\"none\" data-bg-overlay=\"false\"><div class=\"inner-wrap\"><div class=\"row-bg viewport-desktop\"  style=\"\"><\/div><\/div><\/div><div class=\"row_col_wrap_12 col span_12 dark left\">\n\t<div  class=\"vc_col-sm-6 wpb_column column_container vc_column_container col no-extra-padding inherit_tablet inherit_phone\"  data-padding-pos=\"all\" data-has-bg-color=\"false\" data-bg-color=\"\" data-bg-opacity=\"1\" data-animation=\"\" data-delay=\"0\" >\n\t\t<div class=\"vc_column-inner\" >\n\t\t\t<div class=\"wpb_wrapper\">\n\t\t\t\t<div class=\"img-with-aniamtion-wrap center\" data-max-width=\"100%\" data-max-width-mobile=\"default\" data-shadow=\"none\" data-animation=\"fade-in\" >\n      <div class=\"inner\">\n        <div class=\"hover-wrap\"> \n          <div class=\"hover-wrap-inner\">\n            <img class=\"img-with-animation skip-lazy\" data-delay=\"0\" height=\"600\" width=\"1200\" data-animation=\"fade-in\" src=\"https:\/\/www.erhanreklam.com\/wp-content\/uploads\/2022\/05\/Hizmet5.jpg\" alt=\"\" srcset=\"https:\/\/www.erhanreklam.com\/wp-content\/uploads\/2022\/05\/Hizmet5.jpg 1200w, https:\/\/www.erhanreklam.com\/wp-content\/uploads\/2022\/05\/Hizmet5-300x150.jpg 300w, https:\/\/www.erhanreklam.com\/wp-content\/uploads\/2022\/05\/Hizmet5-1024x512.jpg 1024w, https:\/\/www.erhanreklam.com\/wp-content\/uploads\/2022\/05\/Hizmet5-768x384.jpg 768w, https:\/\/www.erhanreklam.com\/wp-content\/uploads\/2022\/05\/Hizmet5-1000x500.jpg 1000w, https:\/\/www.erhanreklam.com\/wp-content\/uploads\/2022\/05\/Hizmet5-670x335.jpg 670w\" sizes=\"(max-width: 1200px) 100vw, 1200px\" \/>\n          <\/div>\n        <\/div>\n      <\/div>\n    <\/div>\n\t\t\t<\/div> \n\t\t<\/div>\n\t<\/div> \n\n\t<div  class=\"vc_col-sm-6 wpb_column column_container vc_column_container col no-extra-padding inherit_tablet inherit_phone\"  data-padding-pos=\"all\" data-has-bg-color=\"false\" data-bg-color=\"\" data-bg-opacity=\"1\" data-animation=\"\" data-delay=\"0\" >\n\t\t<div class=\"vc_column-inner\" >\n\t\t\t<div class=\"wpb_wrapper\">\n\t\t\t\t\n<div class=\"wpb_text_column wpb_content_element\" >\n\t<div class=\"wpb_wrapper\">\n\t\t<h2><strong>SHIPMENT AND INSTALLATION<\/strong><\/h2>\n<p>The products that have been produced according to the project standards are made ready for shipment after quality control. It is the point where quality production meets our customers. We provide assembly services with our experienced staff within the framework of Occupational Health and Safety.<\/p>\n\t<\/div>\n<\/div>\n\n\n\n\n\t\t\t<\/div> \n\t\t<\/div>\n\t<\/div> \n<\/div><\/div>\n\t\t<div id=\"fws_69ef8b80b837f\"  data-column-margin=\"default\" data-midnight=\"dark\"  class=\"wpb_row vc_row-fluid vc_row\"  style=\"padding-top: 0px; padding-bottom: 0px; \"><div class=\"row-bg-wrap\" data-bg-animation=\"none\" data-bg-overlay=\"false\"><div class=\"inner-wrap\"><div class=\"row-bg viewport-desktop\"  style=\"\"><\/div><\/div><\/div><div class=\"row_col_wrap_12 col span_12 dark left\">\n\t<div  class=\"vc_col-sm-6 wpb_column column_container vc_column_container col no-extra-padding inherit_tablet inherit_phone\"  data-padding-pos=\"all\" data-has-bg-color=\"false\" data-bg-color=\"\" data-bg-opacity=\"1\" data-animation=\"\" data-delay=\"0\" >\n\t\t<div class=\"vc_column-inner\" >\n\t\t\t<div class=\"wpb_wrapper\">\n\t\t\t\t\n<div class=\"wpb_text_column wpb_content_element\" >\n\t<div class=\"wpb_wrapper\">\n\t\t<h2><strong>PROJECT MANAGEMENT<\/strong><\/h2>\n<p>All processes from customer demand to design, from measurement to project drawing, from production to logistics and the end of assembly service are managed within the scope of the project plan by ERP support.<\/p>\n\t<\/div>\n<\/div>\n\n\n\n\n\t\t\t<\/div> \n\t\t<\/div>\n\t<\/div> \n\n\t<div  class=\"vc_col-sm-6 wpb_column column_container vc_column_container col no-extra-padding inherit_tablet inherit_phone\"  data-padding-pos=\"all\" data-has-bg-color=\"false\" data-bg-color=\"\" data-bg-opacity=\"1\" data-animation=\"\" data-delay=\"0\" >\n\t\t<div class=\"vc_column-inner\" >\n\t\t\t<div class=\"wpb_wrapper\">\n\t\t\t\t<div class=\"img-with-aniamtion-wrap center\" data-max-width=\"100%\" data-max-width-mobile=\"default\" data-shadow=\"none\" data-animation=\"fade-in\" >\n      <div class=\"inner\">\n        <div class=\"hover-wrap\"> \n          <div class=\"hover-wrap-inner\">\n            <img class=\"img-with-animation skip-lazy\" data-delay=\"0\" height=\"600\" width=\"1200\" data-animation=\"fade-in\" src=\"https:\/\/www.erhanreklam.com\/wp-content\/uploads\/2022\/05\/Hizmet4.jpg\" alt=\"\" srcset=\"https:\/\/www.erhanreklam.com\/wp-content\/uploads\/2022\/05\/Hizmet4.jpg 1200w, https:\/\/www.erhanreklam.com\/wp-content\/uploads\/2022\/05\/Hizmet4-300x150.jpg 300w, https:\/\/www.erhanreklam.com\/wp-content\/uploads\/2022\/05\/Hizmet4-1024x512.jpg 1024w, https:\/\/www.erhanreklam.com\/wp-content\/uploads\/2022\/05\/Hizmet4-768x384.jpg 768w, https:\/\/www.erhanreklam.com\/wp-content\/uploads\/2022\/05\/Hizmet4-1000x500.jpg 1000w, https:\/\/www.erhanreklam.com\/wp-content\/uploads\/2022\/05\/Hizmet4-670x335.jpg 670w\" sizes=\"(max-width: 1200px) 100vw, 1200px\" \/>\n          <\/div>\n        <\/div>\n      <\/div>\n    <\/div>\n\t\t\t<\/div> \n\t\t<\/div>\n\t<\/div> \n<\/div><\/div>\n\t\t<div id=\"fws_69ef8b80b9308\"  data-column-margin=\"default\" data-midnight=\"dark\"  class=\"wpb_row vc_row-fluid vc_row\"  style=\"padding-top: 0px; padding-bottom: 0px; \"><div class=\"row-bg-wrap\" data-bg-animation=\"none\" data-bg-overlay=\"false\"><div class=\"inner-wrap\"><div class=\"row-bg viewport-desktop\"  style=\"\"><\/div><\/div><\/div><div class=\"row_col_wrap_12 col span_12 dark left\">\n\t<div  class=\"vc_col-sm-6 wpb_column column_container vc_column_container col no-extra-padding inherit_tablet inherit_phone\"  data-padding-pos=\"all\" data-has-bg-color=\"false\" data-bg-color=\"\" data-bg-opacity=\"1\" data-animation=\"\" data-delay=\"0\" >\n\t\t<div class=\"vc_column-inner\" >\n\t\t\t<div class=\"wpb_wrapper\">\n\t\t\t\t<div class=\"img-with-aniamtion-wrap center\" data-max-width=\"100%\" data-max-width-mobile=\"default\" data-shadow=\"none\" data-animation=\"fade-in\" >\n      <div class=\"inner\">\n        <div class=\"hover-wrap\"> \n          <div class=\"hover-wrap-inner\">\n            <img class=\"img-with-animation skip-lazy\" data-delay=\"0\" height=\"600\" width=\"1200\" data-animation=\"fade-in\" src=\"https:\/\/www.erhanreklam.com\/wp-content\/uploads\/2022\/05\/Hizmet7.jpg\" alt=\"\" srcset=\"https:\/\/www.erhanreklam.com\/wp-content\/uploads\/2022\/05\/Hizmet7.jpg 1200w, https:\/\/www.erhanreklam.com\/wp-content\/uploads\/2022\/05\/Hizmet7-300x150.jpg 300w, https:\/\/www.erhanreklam.com\/wp-content\/uploads\/2022\/05\/Hizmet7-1024x512.jpg 1024w, https:\/\/www.erhanreklam.com\/wp-content\/uploads\/2022\/05\/Hizmet7-768x384.jpg 768w, https:\/\/www.erhanreklam.com\/wp-content\/uploads\/2022\/05\/Hizmet7-1000x500.jpg 1000w, https:\/\/www.erhanreklam.com\/wp-content\/uploads\/2022\/05\/Hizmet7-670x335.jpg 670w\" sizes=\"(max-width: 1200px) 100vw, 1200px\" \/>\n          <\/div>\n        <\/div>\n      <\/div>\n    <\/div>\n\t\t\t<\/div> \n\t\t<\/div>\n\t<\/div> \n\n\t<div  class=\"vc_col-sm-6 wpb_column column_container vc_column_container col no-extra-padding inherit_tablet inherit_phone\"  data-padding-pos=\"all\" data-has-bg-color=\"false\" data-bg-color=\"\" data-bg-opacity=\"1\" data-animation=\"\" data-delay=\"0\" >\n\t\t<div class=\"vc_column-inner\" >\n\t\t\t<div class=\"wpb_wrapper\">\n\t\t\t\t\n<div class=\"wpb_text_column wpb_content_element\" >\n\t<div class=\"wpb_wrapper\">\n\t\t<h2><strong>SERVICE AND MAINTENANCE<\/strong><\/h2>\n<p>The services we provide are within the scope of warranty, and we assure that our customers have the best support from our expert service &amp; maintenance teams after the delivery of the work.<\/p>\n\t<\/div>\n<\/div>\n\n\n\n\n\t\t\t<\/div> \n\t\t<\/div>\n\t<\/div> \n<\/div><\/div>","protected":false},"excerpt":{"rendered":"TASARIM M\u00fc\u015fterilerimizin talep ve beklentileri do\u011frultusunda deneyimli tasar\u0131m ekibimiz ile kurumsal kimlik uygulama projelerini tasarlay\u0131p, \u00fcretime haz\u0131r \u015fekilde haz\u0131rl\u0131yoruz. \u00dcRET\u0130M En son \u00fcretim teknolojisine sahip makine parkurumuz ve deneyimli kadromuz...","protected":false},"author":1,"featured_media":0,"parent":0,"menu_order":0,"comment_status":"closed","ping_status":"closed","template":"","meta":{"footnotes":""},"_links":{"self":[{"href":"https:\/\/www.erhanreklam.com\/en\/wp-json\/wp\/v2\/pages\/5982"}],"collection":[{"href":"https:\/\/www.erhanreklam.com\/en\/wp-json\/wp\/v2\/pages"}],"about":[{"href":"https:\/\/www.erhanreklam.com\/en\/wp-json\/wp\/v2\/types\/page"}],"author":[{"embeddable":true,"href":"https:\/\/www.erhanreklam.com\/en\/wp-json\/wp\/v2\/users\/1"}],"replies":[{"embeddable":true,"href":"https:\/\/www.erhanreklam.com\/en\/wp-json\/wp\/v2\/comments?post=5982"}],"version-history":[{"count":10,"href":"https:\/\/www.erhanreklam.com\/en\/wp-json\/wp\/v2\/pages\/5982\/revisions"}],"predecessor-version":[{"id":6585,"href":"https:\/\/www.erhanreklam.com\/en\/wp-json\/wp\/v2\/pages\/5982\/revisions\/6585"}],"wp:attachment":[{"href":"https:\/\/www.erhanreklam.com\/en\/wp-json\/wp\/v2\/media?parent=5982"}],"curies":[{"name":"wp","href":"https:\/\/api.w.org\/{rel}","templated":true}]}}