{"id":6596,"date":"2024-10-21T00:11:09","date_gmt":"2024-10-20T21:11:09","guid":{"rendered":"https:\/\/www.erhanreklam.com\/?page_id=6596"},"modified":"2025-07-06T01:04:15","modified_gmt":"2025-07-05T22:04:15","slug":"brochures","status":"publish","type":"page","link":"https:\/\/www.erhanreklam.com\/en\/brochures\/","title":{"rendered":"Kataloglar"},"content":{"rendered":"<div id=\"fws_69ef8b8284353\"  data-column-margin=\"\" data-midnight=\"\"  class=\"wpb_row vc_row-fluid vc_row\"  style=\"padding-top: 0px; padding-bottom: 0px; \"><div class=\"row-bg-wrap\" data-bg-animation=\"\" data-bg-overlay=\"false\"><div class=\"inner-wrap\"><div class=\"row-bg viewport-desktop\"  style=\"\"><\/div><\/div><\/div><div class=\"row_col_wrap_12 col span_12\">\n\t<div  class=\"vc_col-sm-12 wpb_column column_container vc_column_container col no-extra-padding inherit_tablet inherit_phone\"  data-padding-pos=\"all\" data-has-bg-color=\"false\" data-bg-color=\"\" data-bg-opacity=\"1\" data-animation=\"\" data-delay=\"0\" >\n\t\t<div class=\"vc_column-inner\" >\n\t\t\t<div class=\"wpb_wrapper\">\n\t\t\t\t\n\t\t\t<\/div> \n\t\t<\/div>\n\t<\/div> \n\n\t<div  class=\"vc_col-sm-12 wpb_column column_container vc_column_container col no-extra-padding inherit_tablet inherit_phone\"  data-padding-pos=\"all\" data-has-bg-color=\"false\" data-bg-color=\"\" data-bg-opacity=\"1\" data-animation=\"\" data-delay=\"0\" >\n\t\t<div class=\"vc_column-inner\" >\n\t\t\t<div class=\"wpb_wrapper\">\n\t\t\t\t\n\t<div class=\"wpb_video_widget wpb_content_element vc_clearfix   vc_video-aspect-ratio-169 vc_video-el-width-100 vc_video-align-left\" >\n\t\t<div class=\"wpb_wrapper\">\n\t\t\t\n\t\t\t<div class=\"wpb_video_wrapper\"><iframe title=\"Erhan Reklam \u2022 Cr\u00e9ation d&#039;un syst\u00e8me d&#039;information g\u00e9ographique\" width=\"1080\" height=\"608\" src=\"https:\/\/www.youtube.com\/embed\/fl9n3mxh8-o?feature=oembed\" frameborder=\"0\" allow=\"accelerometer; autoplay; clipboard-write; encrypted-media; gyroscope; picture-in-picture; web-share\" referrerpolicy=\"strict-origin-when-cross-origin\" allowfullscreen><\/iframe><\/div>\n\t\t<\/div>\n\t<\/div>\n\n\t\t\t<\/div> \n\t\t<\/div>\n\t<\/div> \n\n\t<div  class=\"vc_col-sm-12 wpb_column column_container vc_column_container col no-extra-padding inherit_tablet inherit_phone\"  data-padding-pos=\"all\" data-has-bg-color=\"false\" data-bg-color=\"\" data-bg-opacity=\"1\" data-animation=\"\" data-delay=\"0\" >\n\t\t<div class=\"vc_column-inner\" >\n\t\t\t<div class=\"wpb_wrapper\">\n\t\t\t\t\n\t<div class=\"wpb_video_widget wpb_content_element vc_clearfix   vc_video-aspect-ratio-169 vc_video-el-width-100 vc_video-align-left\" >\n\t\t<div class=\"wpb_wrapper\">\n\t\t\t\n\t\t\t<div class=\"wpb_video_wrapper\"><iframe title=\"Erhan Reklam \u2022 \u062a\u0637\u0648\u064a\u0631 \u0646\u0638\u0627\u0645 \u062c\u064a \u0623\u064a \u0625\u0633\" width=\"1080\" height=\"608\" src=\"https:\/\/www.youtube.com\/embed\/3r8F3xwl2LU?feature=oembed\" frameborder=\"0\" allow=\"accelerometer; autoplay; clipboard-write; encrypted-media; gyroscope; picture-in-picture; web-share\" referrerpolicy=\"strict-origin-when-cross-origin\" allowfullscreen><\/iframe><\/div>\n\t\t<\/div>\n\t<\/div>\n\n\t\t\t<\/div> \n\t\t<\/div>\n\t<\/div> \n\n\t<div  class=\"vc_col-sm-12 wpb_column column_container vc_column_container col no-extra-padding inherit_tablet inherit_phone\"  data-padding-pos=\"all\" data-has-bg-color=\"false\" data-bg-color=\"\" data-bg-opacity=\"1\" data-animation=\"\" data-delay=\"0\" >\n\t\t<div class=\"vc_column-inner\" >\n\t\t\t<div class=\"wpb_wrapper\">\n\t\t\t\t\n\t<div class=\"wpb_video_widget wpb_content_element vc_clearfix   vc_video-aspect-ratio-169 vc_video-el-width-100 vc_video-align-left\" >\n\t\t<div class=\"wpb_wrapper\">\n\t\t\t\n\t\t\t<div class=\"wpb_video_wrapper\"><iframe title=\"Erhan Reklam \u2022 Building GIS\" width=\"1080\" height=\"608\" src=\"https:\/\/www.youtube.com\/embed\/PPmoyLPRiyg?feature=oembed\" frameborder=\"0\" allow=\"accelerometer; autoplay; clipboard-write; encrypted-media; gyroscope; picture-in-picture; web-share\" referrerpolicy=\"strict-origin-when-cross-origin\" allowfullscreen><\/iframe><\/div>\n\t\t<\/div>\n\t<\/div>\n\n\t\t\t<\/div> \n\t\t<\/div>\n\t<\/div> \n<\/div><\/div>\n\t\t<div id=\"fws_69ef8b82872e6\"  data-column-margin=\"default\" data-midnight=\"dark\"  class=\"wpb_row vc_row-fluid vc_row\"  style=\"padding-top: 0px; padding-bottom: 0px; \"><div class=\"row-bg-wrap\" data-bg-animation=\"none\" data-bg-overlay=\"false\"><div class=\"inner-wrap\"><div class=\"row-bg viewport-desktop\"  style=\"\"><\/div><\/div><\/div><div class=\"row_col_wrap_12 col span_12 dark left\">\n\t<div  class=\"vc_col-sm-12 wpb_column column_container vc_column_container col no-extra-padding inherit_tablet inherit_phone\"  data-padding-pos=\"all\" data-has-bg-color=\"false\" data-bg-color=\"\" data-bg-opacity=\"1\" data-animation=\"\" data-delay=\"0\" >\n\t\t<div class=\"vc_column-inner\" >\n\t\t\t<div class=\"wpb_wrapper\">\n\t\t\t\t<div class=\"nectar-text-inline-images nectar-link-underline-effect nectar-text-inline-images--animation_none\"><div class=\"nectar-text-inline-images__inner\"><strong>To serve our customers worldwide, we have prepared our catalogs in 7 different languages as listed below. These catalogs contain information such as company profile and services offered.<\/strong><\/div><\/div>\n\t\t\t<\/div> \n\t\t<\/div>\n\t<\/div> \n<\/div><\/div>\n\t\t<div id=\"fws_69ef8b8287e7e\"  data-column-margin=\"default\" data-midnight=\"dark\"  class=\"wpb_row vc_row-fluid vc_row\"  style=\"padding-top: 0px; padding-bottom: 0px; \"><div class=\"row-bg-wrap\" data-bg-animation=\"none\" data-bg-overlay=\"false\"><div class=\"inner-wrap using-image\"><div class=\"row-bg viewport-desktop using-image\"  style=\"background-image: url(https:\/\/www.erhanreklam.com\/wp-content\/uploads\/2024\/10\/Artboard-1bg.png); background-position: left top; background-repeat: no-repeat; \"><\/div><\/div><\/div><div class=\"row_col_wrap_12 col span_12 dark left\">\n\t<div  class=\"vc_col-sm-2 wpb_column column_container vc_column_container col centered-text no-extra-padding inherit_tablet inherit_phone\"  data-padding-pos=\"all\" data-has-bg-color=\"false\" data-bg-color=\"\" data-bg-opacity=\"1\" data-animation=\"\" data-delay=\"0\" >\n\t\t<div class=\"vc_column-inner\" >\n\t\t\t<div class=\"wpb_wrapper\">\n\t\t\t\t<div class=\"img-with-aniamtion-wrap\" data-max-width=\"100%\" data-max-width-mobile=\"default\" data-shadow=\"none\" data-animation=\"fade-in\" >\n      <div class=\"inner\">\n        <div class=\"hover-wrap\"> \n          <div class=\"hover-wrap-inner\">\n            <a href=\"https:\/\/www.erhanreklam.com\/wp-content\/uploads\/2025\/01\/TEMIZ_TURKCE_3.pdf\" target=\"_blank\" class=\"\">\n              <img class=\"img-with-animation skip-lazy\" data-delay=\"0\" height=\"92\" width=\"103\" data-animation=\"fade-in\" src=\"https:\/\/www.erhanreklam.com\/wp-content\/uploads\/2024\/10\/Asset-5ar.png\" alt=\"\" srcset=\"https:\/\/www.erhanreklam.com\/wp-content\/uploads\/2024\/10\/Asset-5ar.png 103w, https:\/\/www.erhanreklam.com\/wp-content\/uploads\/2024\/10\/Asset-5ar-13x12.png 13w\" sizes=\"(max-width: 103px) 100vw, 103px\" \/>\n            <\/a>\n          <\/div>\n        <\/div>\n      <\/div>\n      <\/div>\n\t\t\t<\/div> \n\t\t<\/div>\n\t<\/div> \n\n\t<div  class=\"vc_col-sm-2 wpb_column column_container vc_column_container col centered-text no-extra-padding inherit_tablet inherit_phone\"  data-padding-pos=\"all\" data-has-bg-color=\"false\" data-bg-color=\"\" data-bg-opacity=\"1\" data-animation=\"\" data-delay=\"0\" >\n\t\t<div class=\"vc_column-inner\" >\n\t\t\t<div class=\"wpb_wrapper\">\n\t\t\t\t<div class=\"img-with-aniamtion-wrap\" data-max-width=\"100%\" data-max-width-mobile=\"default\" data-shadow=\"none\" data-animation=\"fade-in\" >\n      <div class=\"inner\">\n        <div class=\"hover-wrap\"> \n          <div class=\"hover-wrap-inner\">\n            <a href=\"https:\/\/www.erhanreklam.com\/wp-content\/uploads\/2025\/01\/TEMIZ_INGILIZCE_2.pdf\" target=\"_blank\" class=\"\">\n              <img class=\"img-with-animation skip-lazy\" data-delay=\"0\" height=\"92\" width=\"113\" data-animation=\"fade-in\" src=\"https:\/\/www.erhanreklam.com\/wp-content\/uploads\/2024\/10\/Asset-1.png\" alt=\"\" srcset=\"https:\/\/www.erhanreklam.com\/wp-content\/uploads\/2024\/10\/Asset-1.png 113w, https:\/\/www.erhanreklam.com\/wp-content\/uploads\/2024\/10\/Asset-1-15x12.png 15w\" sizes=\"(max-width: 113px) 100vw, 113px\" \/>\n            <\/a>\n          <\/div>\n        <\/div>\n      <\/div>\n      <\/div>\n\t\t\t<\/div> \n\t\t<\/div>\n\t<\/div> \n\n\t<div  class=\"vc_col-sm-2 wpb_column column_container vc_column_container col centered-text no-extra-padding inherit_tablet inherit_phone\"  data-padding-pos=\"all\" data-has-bg-color=\"false\" data-bg-color=\"\" data-bg-opacity=\"1\" data-animation=\"\" data-delay=\"0\" >\n\t\t<div class=\"vc_column-inner\" >\n\t\t\t<div class=\"wpb_wrapper\">\n\t\t\t\t<div class=\"img-with-aniamtion-wrap\" data-max-width=\"100%\" data-max-width-mobile=\"default\" data-shadow=\"none\" data-animation=\"fade-in\" >\n      <div class=\"inner\">\n        <div class=\"hover-wrap\"> \n          <div class=\"hover-wrap-inner\">\n            <a href=\"https:\/\/www.erhanreklam.com\/wp-content\/uploads\/2025\/01\/TEMIZ_FRANSIZCA_2.pdf\" target=\"_blank\" class=\"\">\n              <img class=\"img-with-animation skip-lazy\" data-delay=\"0\" height=\"92\" width=\"130\" data-animation=\"fade-in\" src=\"https:\/\/www.erhanreklam.com\/wp-content\/uploads\/2024\/10\/Asset-3fr.png\" alt=\"\" srcset=\"https:\/\/www.erhanreklam.com\/wp-content\/uploads\/2024\/10\/Asset-3fr.png 130w, https:\/\/www.erhanreklam.com\/wp-content\/uploads\/2024\/10\/Asset-3fr-18x12.png 18w\" sizes=\"(max-width: 130px) 100vw, 130px\" \/>\n            <\/a>\n          <\/div>\n        <\/div>\n      <\/div>\n      <\/div>\n\t\t\t<\/div> \n\t\t<\/div>\n\t<\/div> \n\n\t<div  class=\"vc_col-sm-2 wpb_column column_container vc_column_container col centered-text no-extra-padding inherit_tablet inherit_phone\"  data-padding-pos=\"all\" data-has-bg-color=\"false\" data-bg-color=\"\" data-bg-opacity=\"1\" data-animation=\"\" data-delay=\"0\" >\n\t\t<div class=\"vc_column-inner\" >\n\t\t\t<div class=\"wpb_wrapper\">\n\t\t\t\t<div class=\"img-with-aniamtion-wrap\" data-max-width=\"100%\" data-max-width-mobile=\"default\" data-shadow=\"none\" data-animation=\"fade-in\" >\n      <div class=\"inner\">\n        <div class=\"hover-wrap\"> \n          <div class=\"hover-wrap-inner\">\n            <a href=\"https:\/\/www.erhanreklam.com\/wp-content\/uploads\/2025\/01\/TEMIZ_ARAPCA_2.pdf\" target=\"_blank\" class=\"\">\n              <img class=\"img-with-animation skip-lazy\" data-delay=\"0\" height=\"110\" width=\"100\" data-animation=\"fade-in\" src=\"https:\/\/www.erhanreklam.com\/wp-content\/uploads\/2024\/10\/Asset-4ar.png\" alt=\"\" srcset=\"https:\/\/www.erhanreklam.com\/wp-content\/uploads\/2024\/10\/Asset-4ar.png 100w, https:\/\/www.erhanreklam.com\/wp-content\/uploads\/2024\/10\/Asset-4ar-11x12.png 11w\" sizes=\"(max-width: 100px) 100vw, 100px\" \/>\n            <\/a>\n          <\/div>\n        <\/div>\n      <\/div>\n      <\/div>\n\t\t\t<\/div> \n\t\t<\/div>\n\t<\/div> \n\n\t<div  class=\"vc_col-sm-2 wpb_column column_container vc_column_container col centered-text no-extra-padding inherit_tablet inherit_phone\"  data-padding-pos=\"all\" data-has-bg-color=\"false\" data-bg-color=\"\" data-bg-opacity=\"1\" data-animation=\"\" data-delay=\"0\" >\n\t\t<div class=\"vc_column-inner\" >\n\t\t\t<div class=\"wpb_wrapper\">\n\t\t\t\t<div class=\"img-with-aniamtion-wrap\" data-max-width=\"100%\" data-max-width-mobile=\"default\" data-shadow=\"none\" data-animation=\"fade-in\" >\n      <div class=\"inner\">\n        <div class=\"hover-wrap\"> \n          <div class=\"hover-wrap-inner\">\n            <a href=\"https:\/\/www.erhanreklam.com\/wp-content\/uploads\/2025\/01\/TEMIZ_FARSCA_2.pdf\" target=\"_blank\" class=\"\">\n              <img class=\"img-with-animation skip-lazy\" data-delay=\"0\" height=\"123\" width=\"121\" data-animation=\"fade-in\" src=\"https:\/\/www.erhanreklam.com\/wp-content\/uploads\/2024\/10\/Asset-6ar.png\" alt=\"\" srcset=\"https:\/\/www.erhanreklam.com\/wp-content\/uploads\/2024\/10\/Asset-6ar.png 121w, https:\/\/www.erhanreklam.com\/wp-content\/uploads\/2024\/10\/Asset-6ar-12x12.png 12w\" sizes=\"(max-width: 121px) 100vw, 121px\" \/>\n            <\/a>\n          <\/div>\n        <\/div>\n      <\/div>\n      <\/div>\n\t\t\t<\/div> \n\t\t<\/div>\n\t<\/div> \n\n\t<div  class=\"vc_col-sm-2 wpb_column column_container vc_column_container col centered-text no-extra-padding inherit_tablet inherit_phone\"  data-padding-pos=\"all\" data-has-bg-color=\"false\" data-bg-color=\"\" data-bg-opacity=\"1\" data-animation=\"\" data-delay=\"0\" >\n\t\t<div class=\"vc_column-inner\" >\n\t\t\t<div class=\"wpb_wrapper\">\n\t\t\t\t<div class=\"img-with-aniamtion-wrap\" data-max-width=\"100%\" data-max-width-mobile=\"default\" data-shadow=\"none\" data-animation=\"fade-in\" >\n      <div class=\"inner\">\n        <div class=\"hover-wrap\"> \n          <div class=\"hover-wrap-inner\">\n            <a href=\"https:\/\/www.erhanreklam.com\/wp-content\/uploads\/2025\/01\/TEMIZ_RUSCA_2.pdf\" target=\"_blank\" class=\"\">\n              <img class=\"img-with-animation skip-lazy\" data-delay=\"0\" height=\"92\" width=\"130\" data-animation=\"fade-in\" src=\"https:\/\/www.erhanreklam.com\/wp-content\/uploads\/2025\/01\/RUSYA-VE-ISPANYA-BAYRAGI-011-1.png\" alt=\"\"  \/>\n            <\/a>\n          <\/div>\n        <\/div>\n      <\/div>\n      <\/div>\n\t\t\t<\/div> \n\t\t<\/div>\n\t<\/div> \n\n\t<div  class=\"vc_col-sm-12 wpb_column column_container vc_column_container col no-extra-padding inherit_tablet inherit_phone\"  data-padding-pos=\"all\" data-has-bg-color=\"false\" data-bg-color=\"\" data-bg-opacity=\"1\" data-animation=\"\" data-delay=\"0\" >\n\t\t<div class=\"vc_column-inner\" >\n\t\t\t<div class=\"wpb_wrapper\">\n\t\t\t\t<div class=\"img-with-aniamtion-wrap\" data-max-width=\"100%\" data-max-width-mobile=\"default\" data-shadow=\"none\" data-animation=\"fade-in\" >\n      <div class=\"inner\">\n        <div class=\"hover-wrap\"> \n          <div class=\"hover-wrap-inner\">\n            <a href=\"https:\/\/www.erhanreklam.com\/wp-content\/uploads\/2025\/01\/TEMIZ_ISPANYOLCA_2.pdf\" target=\"_self\" class=\"\">\n              <img class=\"img-with-animation skip-lazy\" data-delay=\"0\" height=\"92\" width=\"123\" data-animation=\"fade-in\" src=\"https:\/\/www.erhanreklam.com\/wp-content\/uploads\/2025\/01\/RUSYA-VE-ISPANYA-BAYRAGI-022-1.png\" alt=\"\"  \/>\n            <\/a>\n          <\/div>\n        <\/div>\n      <\/div>\n      <\/div>\n\t\t\t<\/div> \n\t\t<\/div>\n\t<\/div> \n<\/div><\/div>\n\t\t<div id=\"fws_69ef8b828bc33\"  data-column-margin=\"default\" data-midnight=\"dark\"  class=\"wpb_row vc_row-fluid vc_row\"  style=\"padding-top: 0px; padding-bottom: 0px; \"><div class=\"row-bg-wrap\" data-bg-animation=\"none\" data-bg-overlay=\"false\"><div class=\"inner-wrap\"><div class=\"row-bg viewport-desktop\"  style=\"\"><\/div><\/div><\/div><div class=\"row_col_wrap_12 col span_12 dark left\">\n\t<div  class=\"vc_col-sm-12 wpb_column column_container vc_column_container col no-extra-padding inherit_tablet inherit_phone\"  data-padding-pos=\"all\" data-has-bg-color=\"false\" data-bg-color=\"\" data-bg-opacity=\"1\" data-animation=\"\" data-delay=\"0\" >\n\t\t<div class=\"vc_column-inner\" >\n\t\t\t<div class=\"wpb_wrapper\">\n\t\t\t\t<div class=\"col span_12 section-title text-align-center extra-padding\"><h2>\n<h3>QUALITY AND ENVIRONMENTAL POLICY<\/h3>\n<p>As Erhan Reklam, we are committed to providing high-quality and innovative advertising solutions while ensuring maximum customer satisfaction. We protect natural resources through environmentally friendly production processes and support sustainability. Our primary goal is to deliver services that exceed industry standards, guided by a philosophy of continuous improvement.<\/h2><\/div><div class=\"clear\"><\/div><div class=\"img-with-aniamtion-wrap\" data-max-width=\"100%\" data-max-width-mobile=\"default\" data-shadow=\"none\" data-animation=\"fade-in\" >\n      <div class=\"inner\">\n        <div class=\"hover-wrap\"> \n          <div class=\"hover-wrap-inner\">\n            <img class=\"img-with-animation skip-lazy\" data-delay=\"0\" height=\"100\" width=\"100\" data-animation=\"fade-in\" src=\"\" alt=\"\"  \/>\n          <\/div>\n        <\/div>\n      <\/div>\n    <\/div><div class=\"nectar-text-inline-images nectar-link-underline-effect nectar-text-inline-images--animation_none\"><div class=\"nectar-text-inline-images__inner\">\n<h4 style=\"text-align: center;\"><strong>OUR QUALITY POLICY<\/strong><\/h4>\n<p style=\"text-align: center;\"><img decoding=\"async\" loading=\"lazy\" class=\"alignnone size-full wp-image-6750\" src=\"https:\/\/www.erhanreklam.com\/wp-content\/uploads\/2025\/07\/qen.jpeg\" alt=\"\" width=\"1810\" height=\"2560\" \/><\/p>\n<p style=\"text-align: center;\"><strong>OUR ENVIRONMENTAL POLICY<\/strong><\/p>\n<p><img decoding=\"async\" loading=\"lazy\" class=\"alignnone size-full wp-image-6749\" src=\"https:\/\/www.erhanreklam.com\/wp-content\/uploads\/2025\/07\/een.jpeg\" alt=\"\" width=\"1810\" height=\"2560\" \/><\/div><\/div>\n\t\t\t<\/div> \n\t\t<\/div>\n\t<\/div> \n<\/div><\/div>","protected":false},"excerpt":{"rendered":"D\u00fcnyan\u0131n farkl\u0131 yerlerindeki m\u00fc\u015fterilerimize hitap etmek amac\u0131yla 7 farkl\u0131 dilde haz\u0131rlam\u0131\u015f oldu\u011fumuz kataloglar\u0131m\u0131z a\u015fa\u011f\u0131da listelenmektedir. Kataloglar \u015firket profili ve verilen hizmetler gibi bilgileri muhteva etmektedir. KAL\u0130TE VE \u00c7EVRE POL\u0130T\u0130KAMIZ Erhan...","protected":false},"author":2,"featured_media":0,"parent":0,"menu_order":0,"comment_status":"closed","ping_status":"closed","template":"","meta":{"footnotes":""},"_links":{"self":[{"href":"https:\/\/www.erhanreklam.com\/en\/wp-json\/wp\/v2\/pages\/6596"}],"collection":[{"href":"https:\/\/www.erhanreklam.com\/en\/wp-json\/wp\/v2\/pages"}],"about":[{"href":"https:\/\/www.erhanreklam.com\/en\/wp-json\/wp\/v2\/types\/page"}],"author":[{"embeddable":true,"href":"https:\/\/www.erhanreklam.com\/en\/wp-json\/wp\/v2\/users\/2"}],"replies":[{"embeddable":true,"href":"https:\/\/www.erhanreklam.com\/en\/wp-json\/wp\/v2\/comments?post=6596"}],"version-history":[{"count":107,"href":"https:\/\/www.erhanreklam.com\/en\/wp-json\/wp\/v2\/pages\/6596\/revisions"}],"predecessor-version":[{"id":6753,"href":"https:\/\/www.erhanreklam.com\/en\/wp-json\/wp\/v2\/pages\/6596\/revisions\/6753"}],"wp:attachment":[{"href":"https:\/\/www.erhanreklam.com\/en\/wp-json\/wp\/v2\/media?parent=6596"}],"curies":[{"name":"wp","href":"https:\/\/api.w.org\/{rel}","templated":true}]}}