{"id":5288,"date":"2015-07-28T20:22:47","date_gmt":"2015-07-28T17:22:47","guid":{"rendered":"http:\/\/themenectar.com\/demo\/salient-agency\/?page_id=5288"},"modified":"2024-05-28T07:35:38","modified_gmt":"2024-05-28T04:35:38","slug":"bizeulasin","status":"publish","type":"page","link":"https:\/\/www.erhanreklam.com\/fr\/bizeulasin\/","title":{"rendered":"Contactez-nous"},"content":{"rendered":"<div id=\"locations\"  data-column-margin=\"default\" data-midnight=\"light\"  class=\"wpb_row vc_row-fluid vc_row full-width-content vc_row-o-equal-height vc_row-flex vc_row-o-content-middle\"  style=\"padding-top: 0px; padding-bottom: 0px; \"><div class=\"row-bg-wrap\" data-bg-animation=\"none\" data-bg-overlay=\"false\"><div class=\"inner-wrap\"><div class=\"row-bg viewport-desktop using-bg-color\"  style=\"background-color: #000000; \"><\/div><\/div><\/div><div class=\"row_col_wrap_12 col span_12 light left\">\n\t<div style=\"\" class=\"vc_col-sm-6 wpb_column column_container vc_column_container col no-extra-padding inherit_tablet inherit_phone\" data-using-bg=\"true\" data-padding-pos=\"all\" data-has-bg-color=\"true\" data-bg-color=\"#ffffff\" data-bg-opacity=\"1\" data-animation=\"\" data-delay=\"0\" >\n\t\t<div class=\"vc_column-inner\" ><div class=\"column-bg-overlay-wrap column-bg-layer\" data-bg-animation=\"none\"><div class=\"column-bg-overlay\" style=\"opacity: 1; background-color: #ffffff;\"><\/div><\/div>\n\t\t\t<div class=\"wpb_wrapper\">\n\t\t\t\t\n\t<div class=\"wpb_raw_code wpb_content_element wpb_raw_html\" >\n\t\t<div class=\"wpb_wrapper\">\n\t\t\t<style type=\"text\/css\" id=\"gmpMapStyles_1_15069\">\r\n\t#google_map_easy_1_15069 {\r\n        width: 100%;\r\n        height: 600px;\r\n\t\t\t\t\t\t    }\r\n\t#gmapControlsNum_1_15069 {\r\n\t\twidth:100%\t}\r\n\t.gmpMapDetailsContainer#gmpMapDetailsContainer_1_15069 {\r\n\t\theight:600px;\r\n\t}\r\n\t.gmp_MapPreview#google_map_easy_1_15069 {\r\n\t\t\/*position:absolute;*\/\r\n\t\twidth: 100%;\r\n\t}\r\n\t#mapConElem_1_15069{\r\n\t\twidth: 100%\t}\r\n    .gm-style .gm-style-iw-c{\r\n        padding: 12px!important;\r\n    }\r\n\t    <\/style>\r\n <div class=\"gmp_map_opts\" id=\"mapConElem_1_15069\" data-id=\"1\" data-view-id=\"1_15069\" > <div class=\"gmpMapDetailsContainer\" id=\"gmpMapDetailsContainer_1_15069\"> <i class=\"gmpKMLLayersPreloader fa fa-spinner fa-spin\" aria-hidden=\"true\" style=\"display: none;\"><\/i> <div class=\"gmp_MapPreview\" id=\"google_map_easy_1_15069\"><\/div> <\/div> <div class=\"gmpMapMarkerFilters\" id=\"gmpMapMarkerFilters_1_15069\"> <\/div> <div class=\"gmpMapProControlsCon\" id=\"gmpMapProControlsCon_1_15069\"> <a title=\"Google Map Plugin\" style=\"display:none;\" href=\"https:\/\/supsystic.com\/plugins\/google-maps-plugin\/?utm_medium=love_link_hide\" target=\"_blank\">Google Map Plugin<\/a><div style=\"clear: both;\"><\/div> <\/div> <div class=\"gmpMapProDirectionsCon\" id=\"gmpMapProDirectionsCon_1_15069\" > <\/div> <div class=\"gmpMapProKmlFilterCon\" id=\"gmpMapProKmlFilterCon_1_15069\" > <\/div> <div class=\"gmpSocialSharingShell gmpSocialSharingShell_1_15069\"> <\/div> <div style=\"clear: both;\"><\/div> <\/div> \n\t\t<\/div>\n\t<\/div>\n\n\t\t\t<\/div> \n\t\t<\/div>\n\t<\/div> \n\n\t<div style=\"\" class=\"vc_col-sm-6 wpb_column column_container vc_column_container col padding-6-percent inherit_tablet inherit_phone\" data-using-bg=\"true\" data-padding-pos=\"all\" data-has-bg-color=\"true\" data-bg-color=\"#ff0000\" data-bg-opacity=\"1\" data-animation=\"\" data-delay=\"0\" >\n\t\t<div class=\"vc_column-inner\" ><div class=\"column-bg-overlay-wrap column-bg-layer\" data-bg-animation=\"none\"><div class=\"column-bg-overlay\" style=\"opacity: 1; background-color: #ff0000;\"><\/div><\/div>\n\t\t\t<div class=\"wpb_wrapper\">\n\t\t\t\t\n<div class=\"wpb_text_column wpb_content_element\" >\n\t<div class=\"wpb_wrapper\">\n\t\t<h3>Contactez-nous.<\/h3>\n<p>Erhan Reklam ve Matbaac\u0131l\u0131k Tan\u0131t\u0131m<br \/>\nHizmetleri San.Tic.Ltd.\u015eti<\/p>\n<p><a href=\"https:\/\/yandex.com.tr\/profile\/1066257980?no-distribution=1&amp;source=wizbiz_new_map_single\" target=\"_blank\" rel=\"noopener noreferrer\">Top\u00e7ular Mahallesi, Talimhane Caddesi<br \/>\nHac\u0131 E\u015fref Sokak No: 8 Top\u00e7ular \/ 34055 Ey\u00fcp<br \/>\n\u0130stanbul \/ T\u00fcrkiye<\/a><\/p>\n<p><a href=\"tel: 902125327487\">P.+90 212 532 74 87.<\/a><span class=\"Apple-converted-space\">\u00a0 <\/span>F. +90 212 532 47 94<\/p>\n<p><a href=\"mailto:info@www.erhanreklam.com.tr\">info@erhanreklam.com.tr<\/a><\/p>\n\t<\/div>\n<\/div>\n\n\n\n\n\t\t\t<\/div> \n\t\t<\/div>\n\t<\/div> \n<\/div><\/div>","protected":false},"excerpt":{"rendered":"Google Map Plugin Bize Ula\u015f\u0131n. Erhan Reklam ve Matbaac\u0131l\u0131k Tan\u0131t\u0131m Hizmetleri San.Tic.Ltd.\u015eti Top\u00e7ular Mahallesi, Talimhane Caddesi Hac\u0131 E\u015fref Sokak No: 8 Top\u00e7ular \/ 34055 Ey\u00fcp \u0130stanbul \/ T\u00fcrkiye P.+90 212...","protected":false},"author":2,"featured_media":0,"parent":0,"menu_order":0,"comment_status":"open","ping_status":"closed","template":"","meta":{"footnotes":""},"_links":{"self":[{"href":"https:\/\/www.erhanreklam.com\/fr\/wp-json\/wp\/v2\/pages\/5288"}],"collection":[{"href":"https:\/\/www.erhanreklam.com\/fr\/wp-json\/wp\/v2\/pages"}],"about":[{"href":"https:\/\/www.erhanreklam.com\/fr\/wp-json\/wp\/v2\/types\/page"}],"author":[{"embeddable":true,"href":"https:\/\/www.erhanreklam.com\/fr\/wp-json\/wp\/v2\/users\/2"}],"replies":[{"embeddable":true,"href":"https:\/\/www.erhanreklam.com\/fr\/wp-json\/wp\/v2\/comments?post=5288"}],"version-history":[{"count":18,"href":"https:\/\/www.erhanreklam.com\/fr\/wp-json\/wp\/v2\/pages\/5288\/revisions"}],"predecessor-version":[{"id":6586,"href":"https:\/\/www.erhanreklam.com\/fr\/wp-json\/wp\/v2\/pages\/5288\/revisions\/6586"}],"wp:attachment":[{"href":"https:\/\/www.erhanreklam.com\/fr\/wp-json\/wp\/v2\/media?parent=5288"}],"curies":[{"name":"wp","href":"https:\/\/api.w.org\/{rel}","templated":true}]}}