{"id":5944,"date":"2022-04-07T14:49:14","date_gmt":"2022-04-07T11:49:14","guid":{"rendered":"https:\/\/www.erhanreklam.com\/?page_id=5944"},"modified":"2024-05-28T07:36:03","modified_gmt":"2024-05-28T04:36:03","slug":"hakkimizda","status":"publish","type":"page","link":"https:\/\/www.erhanreklam.com\/fr\/hakkimizda\/","title":{"rendered":"Qui Nous Sommes"},"content":{"rendered":"<div id=\"fws_69ef8b3dba411\"  data-column-margin=\"default\" data-midnight=\"dark\"  class=\"wpb_row vc_row-fluid vc_row\"  style=\"padding-top: 0px; padding-bottom: 0px; \"><div class=\"row-bg-wrap\" data-bg-animation=\"none\" data-bg-overlay=\"false\"><div class=\"inner-wrap\"><div class=\"row-bg viewport-desktop\"  style=\"\"><\/div><\/div><\/div><div class=\"row_col_wrap_12 col span_12 dark left\">\n\t<div  class=\"vc_col-sm-6 wpb_column column_container vc_column_container col padding-4-percent inherit_tablet inherit_phone\"  data-border-animation=\"true\" data-border-animation-delay=\"\" data-border-width=\"1px\" data-border-style=\"double_offset\" data-border-color=\"#dd3333\" data-padding-pos=\"all\" data-has-bg-color=\"false\" data-bg-color=\"\" data-bg-opacity=\"1\" data-hover-bg=\"#da0e15\" data-hover-bg-opacity=\"1\" data-animation=\"\" data-delay=\"0\" >\n\t\t<div class=\"vc_column-inner\" style=\"border: 1px solid rgba(255,255,255,0); \"><span class=\"border-wrap\" style=\"border-color: #dd3333;\"><span class=\"border-top\"><\/span><span class=\"border-right\"><\/span><span class=\"border-bottom\"><\/span><span class=\"border-left\"><\/span><\/span><div class=\"column-bg-overlay-wrap column-bg-layer\" data-bg-animation=\"none\"><div class=\"column-bg-overlay\"><\/div><\/div>\n\t\t\t<div class=\"wpb_wrapper\">\n\t\t\t\t\n<div class=\"wpb_text_column wpb_content_element\" >\n\t<div class=\"wpb_wrapper\">\n\t\t<p>En \u00e9tant Publicit\u00e9 Erhan, lorsque nous donnions le service aux nombreuses grandes entreprises du secteur de la publicit\u00e9 depuis 1987, \u00e0 partir de 2000 nous avons \u00e9largi notre domaine d'activit\u00e9 et commenc\u00e9 la production dans le domaine des panneaux d'information d'adresse.<\/p>\n<p>Ainsi, nous sommes devenus le leader du secteur dans le domaine des panneaux d'information d'adresse et de la num\u00e9rotation gr\u00e2ce \u00e0 nos investissements en R&amp;D, \u00e0 nos mod\u00e8les commerciaux cibl\u00e9s vers le client et le march\u00e9, \u00e0 notre production bas\u00e9e sur la technologie et \u00e0 nos strat\u00e9gies concurrentielles.<\/p>\n\t<\/div>\n<\/div>\n\n\n\n\n\t\t\t<\/div> \n\t\t<\/div>\n\t<\/div> \n\n\t<div  class=\"vc_col-sm-6 wpb_column column_container vc_column_container col no-extra-padding inherit_tablet inherit_phone\"  data-padding-pos=\"all\" data-has-bg-color=\"false\" data-bg-color=\"\" data-bg-opacity=\"1\" data-animation=\"\" data-delay=\"0\" >\n\t\t<div class=\"vc_column-inner\" >\n\t\t\t<div class=\"wpb_wrapper\">\n\t\t\t\t<div class=\"img-with-aniamtion-wrap\" data-max-width=\"100%\" data-max-width-mobile=\"default\" data-shadow=\"none\" data-animation=\"fade-in\" >\n      <div class=\"inner\">\n        <div class=\"hover-wrap\"> \n          <div class=\"hover-wrap-inner\">\n            <img class=\"img-with-animation skip-lazy\" data-delay=\"0\" height=\"600\" width=\"1200\" data-animation=\"fade-in\" src=\"https:\/\/www.erhanreklam.com\/wp-content\/uploads\/2022\/04\/about-1.jpg\" alt=\"\" srcset=\"https:\/\/www.erhanreklam.com\/wp-content\/uploads\/2022\/04\/about-1.jpg 1200w, https:\/\/www.erhanreklam.com\/wp-content\/uploads\/2022\/04\/about-1-300x150.jpg 300w, https:\/\/www.erhanreklam.com\/wp-content\/uploads\/2022\/04\/about-1-1024x512.jpg 1024w, https:\/\/www.erhanreklam.com\/wp-content\/uploads\/2022\/04\/about-1-768x384.jpg 768w, https:\/\/www.erhanreklam.com\/wp-content\/uploads\/2022\/04\/about-1-1000x500.jpg 1000w, https:\/\/www.erhanreklam.com\/wp-content\/uploads\/2022\/04\/about-1-670x335.jpg 670w\" sizes=\"(max-width: 1200px) 100vw, 1200px\" \/>\n          <\/div>\n        <\/div>\n      <\/div>\n    <\/div>\n\t\t\t<\/div> \n\t\t<\/div>\n\t<\/div> \n<\/div><\/div>\n\t\t<div id=\"fws_69ef8b3dbb7db\"  data-column-margin=\"default\" data-midnight=\"dark\"  class=\"wpb_row vc_row-fluid vc_row\"  style=\"padding-top: 0px; padding-bottom: 0px; \"><div class=\"row-bg-wrap\" data-bg-animation=\"none\" data-bg-overlay=\"false\"><div class=\"inner-wrap\"><div class=\"row-bg viewport-desktop\"  style=\"\"><\/div><\/div><\/div><div class=\"row_col_wrap_12 col span_12 dark left\">\n\t<div  class=\"vc_col-sm-6 wpb_column column_container vc_column_container col no-extra-padding inherit_tablet inherit_phone\"  data-padding-pos=\"all\" data-has-bg-color=\"false\" data-bg-color=\"\" data-bg-opacity=\"1\" data-animation=\"\" data-delay=\"0\" >\n\t\t<div class=\"vc_column-inner\" >\n\t\t\t<div class=\"wpb_wrapper\">\n\t\t\t\t<div class=\"img-with-aniamtion-wrap\" data-max-width=\"100%\" data-max-width-mobile=\"default\" data-shadow=\"none\" data-animation=\"fade-in\" >\n      <div class=\"inner\">\n        <div class=\"hover-wrap\"> \n          <div class=\"hover-wrap-inner\">\n            <img class=\"img-with-animation skip-lazy\" data-delay=\"0\" height=\"600\" width=\"1200\" data-animation=\"fade-in\" src=\"https:\/\/www.erhanreklam.com\/wp-content\/uploads\/2022\/04\/about-2.jpg\" alt=\"\" srcset=\"https:\/\/www.erhanreklam.com\/wp-content\/uploads\/2022\/04\/about-2.jpg 1200w, https:\/\/www.erhanreklam.com\/wp-content\/uploads\/2022\/04\/about-2-300x150.jpg 300w, https:\/\/www.erhanreklam.com\/wp-content\/uploads\/2022\/04\/about-2-1024x512.jpg 1024w, https:\/\/www.erhanreklam.com\/wp-content\/uploads\/2022\/04\/about-2-768x384.jpg 768w, https:\/\/www.erhanreklam.com\/wp-content\/uploads\/2022\/04\/about-2-1000x500.jpg 1000w, https:\/\/www.erhanreklam.com\/wp-content\/uploads\/2022\/04\/about-2-670x335.jpg 670w\" sizes=\"(max-width: 1200px) 100vw, 1200px\" \/>\n          <\/div>\n        <\/div>\n      <\/div>\n    <\/div>\n\t\t\t<\/div> \n\t\t<\/div>\n\t<\/div> \n\n\t<div  class=\"vc_col-sm-6 wpb_column column_container vc_column_container col padding-3-percent inherit_tablet inherit_phone\"  data-border-animation=\"true\" data-border-animation-delay=\"\" data-border-width=\"1px\" data-border-style=\"double_offset\" data-border-color=\"#dd3333\" data-padding-pos=\"all\" data-has-bg-color=\"false\" data-bg-color=\"\" data-bg-opacity=\"1\" data-hover-bg=\"#da0e15\" data-hover-bg-opacity=\"1\" data-animation=\"\" data-delay=\"0\" >\n\t\t<div class=\"vc_column-inner\" style=\"border: 1px solid rgba(255,255,255,0); \"><span class=\"border-wrap\" style=\"border-color: #dd3333;\"><span class=\"border-top\"><\/span><span class=\"border-right\"><\/span><span class=\"border-bottom\"><\/span><span class=\"border-left\"><\/span><\/span><div class=\"column-bg-overlay-wrap column-bg-layer\" data-bg-animation=\"none\"><div class=\"column-bg-overlay\"><\/div><\/div>\n\t\t\t<div class=\"wpb_wrapper\">\n\t\t\t\t\n<div class=\"wpb_text_column wpb_content_element\" >\n\t<div class=\"wpb_wrapper\">\n\t\t<p>Dans les projets de Syst\u00e8mes d'Information G\u00e9ographique, nous travaillons avec diligence pour fournir les meilleures solutions \u00e0 nos employeurs avec notre \u00e9quipe de 150 personnes. Dans le temps, en suivant de pr\u00e8s les d\u00e9veloppements technologiques, nous r\u00e9pondons aux besoins de nos clients de A \u00e0 Z gr\u00e2ce \u00e0 notre \u00e9quipe professionnelle, nos connaissances et notre exp\u00e9rience, notre structure institutionnelle et notre large cadre de personnels.<\/p>\n<p>Tout en r\u00e9pondant aux demandes que nous recevons, nous agissons avec la philosophie de \u00abSatisfaction absolue du client\u00bb, et entreprenons une mission qui privil\u00e9gie la satisfaction au lieu du co\u00fbt.<\/p>\n\t<\/div>\n<\/div>\n\n\n\n\n\t\t\t<\/div> \n\t\t<\/div>\n\t<\/div> \n<\/div><\/div>\n\t\t<div id=\"fws_69ef8b3dbc8c8\"  data-column-margin=\"default\" data-midnight=\"dark\"  class=\"wpb_row vc_row-fluid vc_row\"  style=\"padding-top: 0px; padding-bottom: 0px; \"><div class=\"row-bg-wrap\" data-bg-animation=\"none\" data-bg-overlay=\"false\"><div class=\"inner-wrap\"><div class=\"row-bg viewport-desktop\"  style=\"\"><\/div><\/div><\/div><div class=\"row_col_wrap_12 col span_12 dark left\">\n\t<div  class=\"vc_col-sm-6 wpb_column column_container vc_column_container col padding-6-percent inherit_tablet inherit_phone\"  data-border-animation=\"true\" data-border-animation-delay=\"\" data-border-width=\"1px\" data-border-style=\"double_offset\" data-border-color=\"#dd3333\" data-padding-pos=\"all\" data-has-bg-color=\"false\" data-bg-color=\"\" data-bg-opacity=\"1\" data-hover-bg=\"#da0e15\" data-hover-bg-opacity=\"1\" data-animation=\"\" data-delay=\"0\" >\n\t\t<div class=\"vc_column-inner\" style=\"border: 1px solid rgba(255,255,255,0); \"><span class=\"border-wrap\" style=\"border-color: #dd3333;\"><span class=\"border-top\"><\/span><span class=\"border-right\"><\/span><span class=\"border-bottom\"><\/span><span class=\"border-left\"><\/span><\/span><div class=\"column-bg-overlay-wrap column-bg-layer\" data-bg-animation=\"none\"><div class=\"column-bg-overlay\"><\/div><\/div>\n\t\t\t<div class=\"wpb_wrapper\">\n\t\t\t\t\n<div class=\"wpb_text_column wpb_content_element\" >\n\t<div class=\"wpb_wrapper\">\n\t\t<p>Avec le principe d'offrir la qualit\u00e9 au meilleur prix, sous le nom des Syst\u00e8mes d'Information G\u00e9ographique, nous poursuivons nos services dans les domaines du syst\u00e8me d'information urbain, du syst\u00e8me d'information sur les catastrophes, du syst\u00e8me d'information sur les cimeti\u00e8res et de l'analyse de d\u00e9tection de donn\u00e9es.<\/p>\n<p>Nous sommes fiers d\u2019avoir le plus grand r\u00e9seau de production de l'Europe et du Moyen-Orient dans ce domaine.<\/p>\n\t<\/div>\n<\/div>\n\n\n\n\n\t\t\t<\/div> \n\t\t<\/div>\n\t<\/div> \n\n\t<div  class=\"vc_col-sm-6 wpb_column column_container vc_column_container col no-extra-padding inherit_tablet inherit_phone\"  data-padding-pos=\"all\" data-has-bg-color=\"false\" data-bg-color=\"\" data-bg-opacity=\"1\" data-animation=\"\" data-delay=\"0\" >\n\t\t<div class=\"vc_column-inner\" >\n\t\t\t<div class=\"wpb_wrapper\">\n\t\t\t\t<div class=\"img-with-aniamtion-wrap\" data-max-width=\"100%\" data-max-width-mobile=\"default\" data-shadow=\"none\" data-animation=\"fade-in\" >\n      <div class=\"inner\">\n        <div class=\"hover-wrap\"> \n          <div class=\"hover-wrap-inner\">\n            <img class=\"img-with-animation skip-lazy\" data-delay=\"0\" height=\"600\" width=\"1200\" data-animation=\"fade-in\" src=\"https:\/\/www.erhanreklam.com\/wp-content\/uploads\/2022\/04\/about-3.jpg\" alt=\"\" srcset=\"https:\/\/www.erhanreklam.com\/wp-content\/uploads\/2022\/04\/about-3.jpg 1200w, https:\/\/www.erhanreklam.com\/wp-content\/uploads\/2022\/04\/about-3-300x150.jpg 300w, https:\/\/www.erhanreklam.com\/wp-content\/uploads\/2022\/04\/about-3-1024x512.jpg 1024w, https:\/\/www.erhanreklam.com\/wp-content\/uploads\/2022\/04\/about-3-768x384.jpg 768w, https:\/\/www.erhanreklam.com\/wp-content\/uploads\/2022\/04\/about-3-1000x500.jpg 1000w, https:\/\/www.erhanreklam.com\/wp-content\/uploads\/2022\/04\/about-3-670x335.jpg 670w\" sizes=\"(max-width: 1200px) 100vw, 1200px\" \/>\n          <\/div>\n        <\/div>\n      <\/div>\n    <\/div>\n\t\t\t<\/div> \n\t\t<\/div>\n\t<\/div> \n<\/div><\/div>","protected":false},"excerpt":{"rendered":"1987 y\u0131l\u0131ndan itibaren reklam sekt\u00f6r\u00fcnde bir\u00e7ok b\u00fcy\u00fck firmaya hizmet verirken,2000 y\u0131l\u0131ndan itibaren faaliyet alan\u0131m\u0131z\u0131 geni\u015fleterek Adres Bilgi Levhalar\u0131 alan\u0131nda da \u00fcretime ba\u015flad\u0131k. Bununla birlikte Ar-Ge yat\u0131r\u0131mlar\u0131m\u0131z, m\u00fc\u015fteri ve pazar odakl\u0131...","protected":false},"author":1,"featured_media":0,"parent":0,"menu_order":0,"comment_status":"closed","ping_status":"closed","template":"","meta":{"footnotes":""},"_links":{"self":[{"href":"https:\/\/www.erhanreklam.com\/fr\/wp-json\/wp\/v2\/pages\/5944"}],"collection":[{"href":"https:\/\/www.erhanreklam.com\/fr\/wp-json\/wp\/v2\/pages"}],"about":[{"href":"https:\/\/www.erhanreklam.com\/fr\/wp-json\/wp\/v2\/types\/page"}],"author":[{"embeddable":true,"href":"https:\/\/www.erhanreklam.com\/fr\/wp-json\/wp\/v2\/users\/1"}],"replies":[{"embeddable":true,"href":"https:\/\/www.erhanreklam.com\/fr\/wp-json\/wp\/v2\/comments?post=5944"}],"version-history":[{"count":23,"href":"https:\/\/www.erhanreklam.com\/fr\/wp-json\/wp\/v2\/pages\/5944\/revisions"}],"predecessor-version":[{"id":6587,"href":"https:\/\/www.erhanreklam.com\/fr\/wp-json\/wp\/v2\/pages\/5944\/revisions\/6587"}],"wp:attachment":[{"href":"https:\/\/www.erhanreklam.com\/fr\/wp-json\/wp\/v2\/media?parent=5944"}],"curies":[{"name":"wp","href":"https:\/\/api.w.org\/{rel}","templated":true}]}}