{"id":5982,"date":"2022-04-25T13:05:00","date_gmt":"2022-04-25T10:05:00","guid":{"rendered":"https:\/\/www.erhanreklam.com\/?page_id=5982"},"modified":"2024-05-28T07:35:27","modified_gmt":"2024-05-28T04:35:27","slug":"hizmetlerimiz","status":"publish","type":"page","link":"https:\/\/www.erhanreklam.com\/fr\/hizmetlerimiz\/","title":{"rendered":"Nos services"},"content":{"rendered":"<div id=\"fws_69ef8b31538dc\"  data-column-margin=\"default\" data-midnight=\"dark\"  class=\"wpb_row vc_row-fluid vc_row\"  style=\"padding-top: 0px; padding-bottom: 0px; \"><div class=\"row-bg-wrap\" data-bg-animation=\"none\" data-bg-overlay=\"false\"><div class=\"inner-wrap\"><div class=\"row-bg viewport-desktop\"  style=\"\"><\/div><\/div><\/div><div class=\"row_col_wrap_12 col span_12 dark left\">\n\t<div  class=\"vc_col-sm-6 wpb_column column_container vc_column_container col no-extra-padding inherit_tablet inherit_phone\"  data-padding-pos=\"all\" data-has-bg-color=\"false\" data-bg-color=\"\" data-bg-opacity=\"1\" data-animation=\"\" data-delay=\"0\" >\n\t\t<div class=\"vc_column-inner\" >\n\t\t\t<div class=\"wpb_wrapper\">\n\t\t\t\t\n<div class=\"wpb_text_column wpb_content_element\" >\n\t<div class=\"wpb_wrapper\">\n\t\t<h2><strong>DESIGN<\/strong><\/h2>\n<p>En fonction des demandes et des attentes de nos clients, nous concevons des projets d'application de l'identit\u00e9 d'entreprise et les pr\u00e9parons pour la production avec notre \u00e9quipe de conception exp\u00e9riment\u00e9e.<\/p>\n\t<\/div>\n<\/div>\n\n\n\n\n\t\t\t<\/div> \n\t\t<\/div>\n\t<\/div> \n\n\t<div  class=\"vc_col-sm-6 wpb_column column_container vc_column_container col no-extra-padding inherit_tablet inherit_phone\"  data-padding-pos=\"all\" data-has-bg-color=\"false\" data-bg-color=\"\" data-bg-opacity=\"1\" data-animation=\"\" data-delay=\"0\" >\n\t\t<div class=\"vc_column-inner\" >\n\t\t\t<div class=\"wpb_wrapper\">\n\t\t\t\t<div class=\"img-with-aniamtion-wrap center\" data-max-width=\"100%\" data-max-width-mobile=\"default\" data-shadow=\"none\" data-animation=\"fade-in\" >\n      <div class=\"inner\">\n        <div class=\"hover-wrap\"> \n          <div class=\"hover-wrap-inner\">\n            <img class=\"img-with-animation skip-lazy\" data-delay=\"0\" height=\"600\" width=\"1200\" data-animation=\"fade-in\" src=\"https:\/\/www.erhanreklam.com\/wp-content\/uploads\/2022\/05\/Hizmet6.jpg\" alt=\"\" srcset=\"https:\/\/www.erhanreklam.com\/wp-content\/uploads\/2022\/05\/Hizmet6.jpg 1200w, https:\/\/www.erhanreklam.com\/wp-content\/uploads\/2022\/05\/Hizmet6-300x150.jpg 300w, https:\/\/www.erhanreklam.com\/wp-content\/uploads\/2022\/05\/Hizmet6-1024x512.jpg 1024w, https:\/\/www.erhanreklam.com\/wp-content\/uploads\/2022\/05\/Hizmet6-768x384.jpg 768w, https:\/\/www.erhanreklam.com\/wp-content\/uploads\/2022\/05\/Hizmet6-1000x500.jpg 1000w, https:\/\/www.erhanreklam.com\/wp-content\/uploads\/2022\/05\/Hizmet6-670x335.jpg 670w\" sizes=\"(max-width: 1200px) 100vw, 1200px\" \/>\n          <\/div>\n        <\/div>\n      <\/div>\n    <\/div>\n\t\t\t<\/div> \n\t\t<\/div>\n\t<\/div> \n<\/div><\/div>\n\t\t<div id=\"fws_69ef8b31563b2\"  data-column-margin=\"default\" data-midnight=\"dark\"  class=\"wpb_row vc_row-fluid vc_row\"  style=\"padding-top: 0px; padding-bottom: 0px; \"><div class=\"row-bg-wrap\" data-bg-animation=\"none\" data-bg-overlay=\"false\"><div class=\"inner-wrap\"><div class=\"row-bg viewport-desktop\"  style=\"\"><\/div><\/div><\/div><div class=\"row_col_wrap_12 col span_12 dark left\">\n\t<div  class=\"vc_col-sm-6 wpb_column column_container vc_column_container col no-extra-padding inherit_tablet inherit_phone\"  data-padding-pos=\"all\" data-has-bg-color=\"false\" data-bg-color=\"\" data-bg-opacity=\"1\" data-animation=\"\" data-delay=\"0\" >\n\t\t<div class=\"vc_column-inner\" >\n\t\t\t<div class=\"wpb_wrapper\">\n\t\t\t\t<div class=\"img-with-aniamtion-wrap center\" data-max-width=\"100%\" data-max-width-mobile=\"default\" data-shadow=\"none\" data-animation=\"fade-in\" >\n      <div class=\"inner\">\n        <div class=\"hover-wrap\"> \n          <div class=\"hover-wrap-inner\">\n            <img class=\"img-with-animation skip-lazy\" data-delay=\"0\" height=\"600\" width=\"1200\" data-animation=\"fade-in\" src=\"https:\/\/www.erhanreklam.com\/wp-content\/uploads\/2022\/05\/Hizmet2.jpg\" alt=\"\" srcset=\"https:\/\/www.erhanreklam.com\/wp-content\/uploads\/2022\/05\/Hizmet2.jpg 1200w, https:\/\/www.erhanreklam.com\/wp-content\/uploads\/2022\/05\/Hizmet2-300x150.jpg 300w, https:\/\/www.erhanreklam.com\/wp-content\/uploads\/2022\/05\/Hizmet2-1024x512.jpg 1024w, https:\/\/www.erhanreklam.com\/wp-content\/uploads\/2022\/05\/Hizmet2-768x384.jpg 768w, https:\/\/www.erhanreklam.com\/wp-content\/uploads\/2022\/05\/Hizmet2-1000x500.jpg 1000w, https:\/\/www.erhanreklam.com\/wp-content\/uploads\/2022\/05\/Hizmet2-670x335.jpg 670w\" sizes=\"(max-width: 1200px) 100vw, 1200px\" \/>\n          <\/div>\n        <\/div>\n      <\/div>\n    <\/div>\n\t\t\t<\/div> \n\t\t<\/div>\n\t<\/div> \n\n\t<div  class=\"vc_col-sm-6 wpb_column column_container vc_column_container col no-extra-padding inherit_tablet inherit_phone\"  data-padding-pos=\"all\" data-has-bg-color=\"false\" data-bg-color=\"\" data-bg-opacity=\"1\" data-animation=\"\" data-delay=\"0\" >\n\t\t<div class=\"vc_column-inner\" >\n\t\t\t<div class=\"wpb_wrapper\">\n\t\t\t\t\n<div class=\"wpb_text_column wpb_content_element\" >\n\t<div class=\"wpb_wrapper\">\n\t\t<h2><strong>PRODUCTION<\/strong><\/h2>\n<p>Gr\u00e2ce \u00e0 la technologie de pointe de nos machines et \u00e0 notre personnel exp\u00e9riment\u00e9, nous produisons des projets rapides, fiables et de haute qualit\u00e9, en accord avec les valeurs d'entreprise de nos clients.<\/p>\n\t<\/div>\n<\/div>\n\n\n\n\n\t\t\t<\/div> \n\t\t<\/div>\n\t<\/div> \n<\/div><\/div>\n\t\t<div id=\"fws_69ef8b31575d6\"  data-column-margin=\"default\" data-midnight=\"dark\"  class=\"wpb_row vc_row-fluid vc_row\"  style=\"padding-top: 0px; padding-bottom: 0px; \"><div class=\"row-bg-wrap\" data-bg-animation=\"none\" data-bg-overlay=\"false\"><div class=\"inner-wrap\"><div class=\"row-bg viewport-desktop\"  style=\"\"><\/div><\/div><\/div><div class=\"row_col_wrap_12 col span_12 dark left\">\n\t<div  class=\"vc_col-sm-6 wpb_column column_container vc_column_container col no-extra-padding inherit_tablet inherit_phone\"  data-padding-pos=\"all\" data-has-bg-color=\"false\" data-bg-color=\"\" data-bg-opacity=\"1\" data-animation=\"\" data-delay=\"0\" >\n\t\t<div class=\"vc_column-inner\" >\n\t\t\t<div class=\"wpb_wrapper\">\n\t\t\t\t\n<div class=\"wpb_text_column wpb_content_element\" >\n\t<div class=\"wpb_wrapper\">\n\t\t<h2><strong>D\u00c9COUVERTE ET PROJECTION<\/strong><\/h2>\n<p>Le succ\u00e8s de nos projets d\u00e9pend d'une analyse bien faite. Avec nos \u00e9quipes exp\u00e9riment\u00e9es, nous apposons notre signature sur des projets r\u00e9ussis avec une d\u00e9tection sur site dans un d\u00e9lai court.<\/p>\n\t<\/div>\n<\/div>\n\n\n\n\n\t\t\t<\/div> \n\t\t<\/div>\n\t<\/div> \n\n\t<div  class=\"vc_col-sm-6 wpb_column column_container vc_column_container col no-extra-padding inherit_tablet inherit_phone\"  data-padding-pos=\"all\" data-has-bg-color=\"false\" data-bg-color=\"\" data-bg-opacity=\"1\" data-animation=\"\" data-delay=\"0\" >\n\t\t<div class=\"vc_column-inner\" >\n\t\t\t<div class=\"wpb_wrapper\">\n\t\t\t\t<div class=\"img-with-aniamtion-wrap center\" data-max-width=\"100%\" data-max-width-mobile=\"default\" data-shadow=\"none\" data-animation=\"fade-in\" >\n      <div class=\"inner\">\n        <div class=\"hover-wrap\"> \n          <div class=\"hover-wrap-inner\">\n            <img class=\"img-with-animation skip-lazy\" data-delay=\"0\" height=\"600\" width=\"1200\" data-animation=\"fade-in\" src=\"https:\/\/www.erhanreklam.com\/wp-content\/uploads\/2022\/05\/Hizmet3.jpg\" alt=\"\" srcset=\"https:\/\/www.erhanreklam.com\/wp-content\/uploads\/2022\/05\/Hizmet3.jpg 1200w, https:\/\/www.erhanreklam.com\/wp-content\/uploads\/2022\/05\/Hizmet3-300x150.jpg 300w, https:\/\/www.erhanreklam.com\/wp-content\/uploads\/2022\/05\/Hizmet3-1024x512.jpg 1024w, https:\/\/www.erhanreklam.com\/wp-content\/uploads\/2022\/05\/Hizmet3-768x384.jpg 768w, https:\/\/www.erhanreklam.com\/wp-content\/uploads\/2022\/05\/Hizmet3-1000x500.jpg 1000w, https:\/\/www.erhanreklam.com\/wp-content\/uploads\/2022\/05\/Hizmet3-670x335.jpg 670w\" sizes=\"(max-width: 1200px) 100vw, 1200px\" \/>\n          <\/div>\n        <\/div>\n      <\/div>\n    <\/div>\n\t\t\t<\/div> \n\t\t<\/div>\n\t<\/div> \n<\/div><\/div>\n\t\t<div id=\"fws_69ef8b31586ef\"  data-column-margin=\"default\" data-midnight=\"dark\"  class=\"wpb_row vc_row-fluid vc_row\"  style=\"padding-top: 0px; padding-bottom: 0px; \"><div class=\"row-bg-wrap\" data-bg-animation=\"none\" data-bg-overlay=\"false\"><div class=\"inner-wrap\"><div class=\"row-bg viewport-desktop\"  style=\"\"><\/div><\/div><\/div><div class=\"row_col_wrap_12 col span_12 dark left\">\n\t<div  class=\"vc_col-sm-6 wpb_column column_container vc_column_container col no-extra-padding inherit_tablet inherit_phone\"  data-padding-pos=\"all\" data-has-bg-color=\"false\" data-bg-color=\"\" data-bg-opacity=\"1\" data-animation=\"\" data-delay=\"0\" >\n\t\t<div class=\"vc_column-inner\" >\n\t\t\t<div class=\"wpb_wrapper\">\n\t\t\t\t<div class=\"img-with-aniamtion-wrap center\" data-max-width=\"100%\" data-max-width-mobile=\"default\" data-shadow=\"none\" data-animation=\"fade-in\" >\n      <div class=\"inner\">\n        <div class=\"hover-wrap\"> \n          <div class=\"hover-wrap-inner\">\n            <img class=\"img-with-animation skip-lazy\" data-delay=\"0\" height=\"600\" width=\"1200\" data-animation=\"fade-in\" src=\"https:\/\/www.erhanreklam.com\/wp-content\/uploads\/2022\/05\/Hizmet5.jpg\" alt=\"\" srcset=\"https:\/\/www.erhanreklam.com\/wp-content\/uploads\/2022\/05\/Hizmet5.jpg 1200w, https:\/\/www.erhanreklam.com\/wp-content\/uploads\/2022\/05\/Hizmet5-300x150.jpg 300w, https:\/\/www.erhanreklam.com\/wp-content\/uploads\/2022\/05\/Hizmet5-1024x512.jpg 1024w, https:\/\/www.erhanreklam.com\/wp-content\/uploads\/2022\/05\/Hizmet5-768x384.jpg 768w, https:\/\/www.erhanreklam.com\/wp-content\/uploads\/2022\/05\/Hizmet5-1000x500.jpg 1000w, https:\/\/www.erhanreklam.com\/wp-content\/uploads\/2022\/05\/Hizmet5-670x335.jpg 670w\" sizes=\"(max-width: 1200px) 100vw, 1200px\" \/>\n          <\/div>\n        <\/div>\n      <\/div>\n    <\/div>\n\t\t\t<\/div> \n\t\t<\/div>\n\t<\/div> \n\n\t<div  class=\"vc_col-sm-6 wpb_column column_container vc_column_container col no-extra-padding inherit_tablet inherit_phone\"  data-padding-pos=\"all\" data-has-bg-color=\"false\" data-bg-color=\"\" data-bg-opacity=\"1\" data-animation=\"\" data-delay=\"0\" >\n\t\t<div class=\"vc_column-inner\" >\n\t\t\t<div class=\"wpb_wrapper\">\n\t\t\t\t\n<div class=\"wpb_text_column wpb_content_element\" >\n\t<div class=\"wpb_wrapper\">\n\t\t<h2><strong>EXP\u00c9DITION ET INSTALLATION<\/strong><\/h2>\n<p>Les produits qui ont \u00e9t\u00e9 fabriqu\u00e9s selon les normes du projet sont pr\u00eats \u00e0 \u00eatre exp\u00e9di\u00e9s apr\u00e8s un contr\u00f4le de qualit\u00e9. C'est le point o\u00f9 la production de qualit\u00e9 rencontre nos clients. Nous fournissons des services de montage avec notre personnel exp\u00e9riment\u00e9 dans le cadre de la sant\u00e9 et de la s\u00e9curit\u00e9 au travail.<\/p>\n\t<\/div>\n<\/div>\n\n\n\n\n\t\t\t<\/div> \n\t\t<\/div>\n\t<\/div> \n<\/div><\/div>\n\t\t<div id=\"fws_69ef8b3163b7f\"  data-column-margin=\"default\" data-midnight=\"dark\"  class=\"wpb_row vc_row-fluid vc_row\"  style=\"padding-top: 0px; padding-bottom: 0px; \"><div class=\"row-bg-wrap\" data-bg-animation=\"none\" data-bg-overlay=\"false\"><div class=\"inner-wrap\"><div class=\"row-bg viewport-desktop\"  style=\"\"><\/div><\/div><\/div><div class=\"row_col_wrap_12 col span_12 dark left\">\n\t<div  class=\"vc_col-sm-6 wpb_column column_container vc_column_container col no-extra-padding inherit_tablet inherit_phone\"  data-padding-pos=\"all\" data-has-bg-color=\"false\" data-bg-color=\"\" data-bg-opacity=\"1\" data-animation=\"\" data-delay=\"0\" >\n\t\t<div class=\"vc_column-inner\" >\n\t\t\t<div class=\"wpb_wrapper\">\n\t\t\t\t\n<div class=\"wpb_text_column wpb_content_element\" >\n\t<div class=\"wpb_wrapper\">\n\t\t<h2><strong>GESTION DE PROJET<\/strong><\/h2>\n<p>Tous les processus, de la demande du client \u00e0 la conception, de la mesure au dessin du projet, de la production \u00e0 la logistique et \u00e0 la fin du service d'assemblage, sont g\u00e9r\u00e9s dans le cadre du plan de projet par le support ERP.<\/p>\n\t<\/div>\n<\/div>\n\n\n\n\n\t\t\t<\/div> \n\t\t<\/div>\n\t<\/div> \n\n\t<div  class=\"vc_col-sm-6 wpb_column column_container vc_column_container col no-extra-padding inherit_tablet inherit_phone\"  data-padding-pos=\"all\" data-has-bg-color=\"false\" data-bg-color=\"\" data-bg-opacity=\"1\" data-animation=\"\" data-delay=\"0\" >\n\t\t<div class=\"vc_column-inner\" >\n\t\t\t<div class=\"wpb_wrapper\">\n\t\t\t\t<div class=\"img-with-aniamtion-wrap center\" data-max-width=\"100%\" data-max-width-mobile=\"default\" data-shadow=\"none\" data-animation=\"fade-in\" >\n      <div class=\"inner\">\n        <div class=\"hover-wrap\"> \n          <div class=\"hover-wrap-inner\">\n            <img class=\"img-with-animation skip-lazy\" data-delay=\"0\" height=\"600\" width=\"1200\" data-animation=\"fade-in\" src=\"https:\/\/www.erhanreklam.com\/wp-content\/uploads\/2022\/05\/Hizmet4.jpg\" alt=\"\" srcset=\"https:\/\/www.erhanreklam.com\/wp-content\/uploads\/2022\/05\/Hizmet4.jpg 1200w, https:\/\/www.erhanreklam.com\/wp-content\/uploads\/2022\/05\/Hizmet4-300x150.jpg 300w, https:\/\/www.erhanreklam.com\/wp-content\/uploads\/2022\/05\/Hizmet4-1024x512.jpg 1024w, https:\/\/www.erhanreklam.com\/wp-content\/uploads\/2022\/05\/Hizmet4-768x384.jpg 768w, https:\/\/www.erhanreklam.com\/wp-content\/uploads\/2022\/05\/Hizmet4-1000x500.jpg 1000w, https:\/\/www.erhanreklam.com\/wp-content\/uploads\/2022\/05\/Hizmet4-670x335.jpg 670w\" sizes=\"(max-width: 1200px) 100vw, 1200px\" \/>\n          <\/div>\n        <\/div>\n      <\/div>\n    <\/div>\n\t\t\t<\/div> \n\t\t<\/div>\n\t<\/div> \n<\/div><\/div>\n\t\t<div id=\"fws_69ef8b3166654\"  data-column-margin=\"default\" data-midnight=\"dark\"  class=\"wpb_row vc_row-fluid vc_row\"  style=\"padding-top: 0px; padding-bottom: 0px; \"><div class=\"row-bg-wrap\" data-bg-animation=\"none\" data-bg-overlay=\"false\"><div class=\"inner-wrap\"><div class=\"row-bg viewport-desktop\"  style=\"\"><\/div><\/div><\/div><div class=\"row_col_wrap_12 col span_12 dark left\">\n\t<div  class=\"vc_col-sm-6 wpb_column column_container vc_column_container col no-extra-padding inherit_tablet inherit_phone\"  data-padding-pos=\"all\" data-has-bg-color=\"false\" data-bg-color=\"\" data-bg-opacity=\"1\" data-animation=\"\" data-delay=\"0\" >\n\t\t<div class=\"vc_column-inner\" >\n\t\t\t<div class=\"wpb_wrapper\">\n\t\t\t\t<div class=\"img-with-aniamtion-wrap center\" data-max-width=\"100%\" data-max-width-mobile=\"default\" data-shadow=\"none\" data-animation=\"fade-in\" >\n      <div class=\"inner\">\n        <div class=\"hover-wrap\"> \n          <div class=\"hover-wrap-inner\">\n            <img class=\"img-with-animation skip-lazy\" data-delay=\"0\" height=\"600\" width=\"1200\" data-animation=\"fade-in\" src=\"https:\/\/www.erhanreklam.com\/wp-content\/uploads\/2022\/05\/Hizmet7.jpg\" alt=\"\" srcset=\"https:\/\/www.erhanreklam.com\/wp-content\/uploads\/2022\/05\/Hizmet7.jpg 1200w, https:\/\/www.erhanreklam.com\/wp-content\/uploads\/2022\/05\/Hizmet7-300x150.jpg 300w, https:\/\/www.erhanreklam.com\/wp-content\/uploads\/2022\/05\/Hizmet7-1024x512.jpg 1024w, https:\/\/www.erhanreklam.com\/wp-content\/uploads\/2022\/05\/Hizmet7-768x384.jpg 768w, https:\/\/www.erhanreklam.com\/wp-content\/uploads\/2022\/05\/Hizmet7-1000x500.jpg 1000w, https:\/\/www.erhanreklam.com\/wp-content\/uploads\/2022\/05\/Hizmet7-670x335.jpg 670w\" sizes=\"(max-width: 1200px) 100vw, 1200px\" \/>\n          <\/div>\n        <\/div>\n      <\/div>\n    <\/div>\n\t\t\t<\/div> \n\t\t<\/div>\n\t<\/div> \n\n\t<div  class=\"vc_col-sm-6 wpb_column column_container vc_column_container col no-extra-padding inherit_tablet inherit_phone\"  data-padding-pos=\"all\" data-has-bg-color=\"false\" data-bg-color=\"\" data-bg-opacity=\"1\" data-animation=\"\" data-delay=\"0\" >\n\t\t<div class=\"vc_column-inner\" >\n\t\t\t<div class=\"wpb_wrapper\">\n\t\t\t\t\n<div class=\"wpb_text_column wpb_content_element\" >\n\t<div class=\"wpb_wrapper\">\n\t\t<h2><strong>SERVICE ET MAINTENANCE<\/strong><\/h2>\n<p>Les services que nous fournissons sont dans le cadre de la garantie, et nous assurons que nos clients b\u00e9n\u00e9ficient du meilleur soutien de nos \u00e9quipes expertes de service et de maintenance apr\u00e8s la livraison du travail.<\/p>\n\t<\/div>\n<\/div>\n\n\n\n\n\t\t\t<\/div> \n\t\t<\/div>\n\t<\/div> \n<\/div><\/div>","protected":false},"excerpt":{"rendered":"TASARIM M\u00fc\u015fterilerimizin talep ve beklentileri do\u011frultusunda deneyimli tasar\u0131m ekibimiz ile kurumsal kimlik uygulama projelerini tasarlay\u0131p, \u00fcretime haz\u0131r \u015fekilde haz\u0131rl\u0131yoruz. \u00dcRET\u0130M En son \u00fcretim teknolojisine sahip makine parkurumuz ve deneyimli kadromuz...","protected":false},"author":1,"featured_media":0,"parent":0,"menu_order":0,"comment_status":"closed","ping_status":"closed","template":"","meta":{"footnotes":""},"_links":{"self":[{"href":"https:\/\/www.erhanreklam.com\/fr\/wp-json\/wp\/v2\/pages\/5982"}],"collection":[{"href":"https:\/\/www.erhanreklam.com\/fr\/wp-json\/wp\/v2\/pages"}],"about":[{"href":"https:\/\/www.erhanreklam.com\/fr\/wp-json\/wp\/v2\/types\/page"}],"author":[{"embeddable":true,"href":"https:\/\/www.erhanreklam.com\/fr\/wp-json\/wp\/v2\/users\/1"}],"replies":[{"embeddable":true,"href":"https:\/\/www.erhanreklam.com\/fr\/wp-json\/wp\/v2\/comments?post=5982"}],"version-history":[{"count":10,"href":"https:\/\/www.erhanreklam.com\/fr\/wp-json\/wp\/v2\/pages\/5982\/revisions"}],"predecessor-version":[{"id":6585,"href":"https:\/\/www.erhanreklam.com\/fr\/wp-json\/wp\/v2\/pages\/5982\/revisions\/6585"}],"wp:attachment":[{"href":"https:\/\/www.erhanreklam.com\/fr\/wp-json\/wp\/v2\/media?parent=5982"}],"curies":[{"name":"wp","href":"https:\/\/api.w.org\/{rel}","templated":true}]}}